{"id":435,"date":"2014-03-26T12:09:08","date_gmt":"2014-03-26T12:09:08","guid":{"rendered":"https:\/\/agromolinillo.es\/\/?page_id=435"},"modified":"2017-07-19T07:35:32","modified_gmt":"2017-07-19T07:35:32","slug":"aviso-legal","status":"publish","type":"page","link":"https:\/\/agromolinillo.es\/en\/aviso-legal\/","title":{"rendered":"Aviso Legal"},"content":{"rendered":"<h1><b>Informaci\u00f3n legal:<\/b><\/h1>\n<h2><b>\u00a0<\/b><\/h2>\n<h2>DOMICILIO SOCIAL<\/h2>\n<p>Pol\u00edgono Industrial \u201cEl Algarrobito\u201d, calle A \u2013 s\/n. 21800 \u2013 Moguer (Huelva)<\/p>\n<h2>CIF.: F -21047758<\/h2>\n<p>&nbsp;<\/p>\n<p>DATOS REGISTRALES:<\/p>\n<p>Inscrita en el Registro de Cooperativas Andaluzas, Unidad Provincial de Huelva, con n\u00ba de inscripci\u00f3n HURCA00253.<\/p>\n<h2>TELEFONO DE CONTACTO:<\/h2>\n<p>959 371 211<\/p>\n<h2>CORREO ELECTR\u00d3NICO:<\/h2>\n<p><a href=\"mailto:info@agromolinillo.com\">info@agromolinillo.com<\/a><\/p>\n<p>El presente Aviso Legal regula el acceso y uso de los diversos contenidos e informaci\u00f3n incluidos o accesibles a trav\u00e9s del sitio web\u00a0<a href=\"http:\/\/www.enerfin.es\/\" target=\"_blank\">www.agromolinillo.com<\/a>\u00a0(en adelante, el sitio web), titularidad de Agromolinillo, SCA. Por la mera utilizaci\u00f3n del sitio web usted adquiere la condici\u00f3n de usuario. La utilizaci\u00f3n del sitio web y de cualquiera de los servicios del mismo significa su aceptaci\u00f3n como usuario, sin reservas de ninguna clase, de todas y cada una de las presentes condiciones generales as\u00ed como a las condiciones particulares que, en su caso, rijan.<\/p>\n<p>&nbsp;<\/p>\n<h2><b>I. T\u00c9RMINOS Y CONDICIONES GENERALES DE ACCESO Y USO DE LA P\u00c1GINA WEB<\/b><\/h2>\n<h3><\/h3>\n<h2>OBLIGACIONES DEL USUARIO<\/h2>\n<p>1. El usuario se obliga, con car\u00e1cter general, a utilizar el sitio web as\u00ed como los contenidos, servicios e informaci\u00f3n vinculados al mismo de forma diligente, de conformidad con la ley, la moral, el orden p\u00fablico y lo dispuesto en este Aviso Legal, debiendo, asimismo, abstenerse de utilizarlos en cualquier forma que pueda impedir el normal funcionamiento y disfrute por parte de los usuarios del sitio web de los contenidos del mismo, o que pudiera lesionar o causar da\u00f1os a los bienes y derechos de\u00a0Agromolinillo, SCA, de sus proveedores, usuarios o, en general, de cualquier tercero. M\u00e1s en particular, pero sin que esta enumeraci\u00f3n l\u00edmite el alcance general de la obligaci\u00f3n dispuesta en el p\u00e1rrafo anterior, el usuario se obliga en la utilizaci\u00f3n del sitio web y de los servicios vinculados al mismo, a:<\/p>\n<p>a) No introducir, almacenar o difundir mediante el sitio web o a trav\u00e9s de cualquiera de los servicios vinculados al mismo ning\u00fan programa de ordenador, dato, virus, c\u00f3digo, o cualquier otro instrumento o dispositivo electr\u00f3nico que sea susceptible de causar da\u00f1os en el sitio web, en cualquiera de los servicios vinculados al mismo o en cualesquiera equipos, sistemas o redes de\u00a0Agromolinillo, SCA,\u00a0de cualquier usuario, de sus proveedores o en general de cualquier tercero, o que de otra forma sea capaz de causarles cualquier tipo de alteraci\u00f3n o impedir el normal funcionamiento del mismo.<\/p>\n<p>b) No utilizar identidades falsas, ni suplantar la identidad de otros en la utilizaci\u00f3n del sitio web o de cualquiera de los servicios vinculados al mismo, incluyendo la utilizaci\u00f3n en su caso de contrase\u00f1as o claves de acceso de terceros o de cualquier otra forma.<\/p>\n<p>c) No destruir, alterar, inutilizar o da\u00f1ar los datos, informaciones, programas o documentos electr\u00f3nicos de\u00a0Agromolinillo, SCA, de sus proveedores o de terceros.<\/p>\n<p>d) No utilizar los contenidos y en particular la informaci\u00f3n obtenida a trav\u00e9s del sitio web para remitir publicidad, enviar mensajes con fines comerciales, ni para recoger o almacenar datos personales de terceros.<\/p>\n<h2>PROPIEDAD INTELECTUAL E INDUSTRIAL<\/h2>\n<p>2. El usuario reconoce que todos los elementos del sitio web, la informaci\u00f3n y materiales contenidos en el mismo, la estructura, selecci\u00f3n, ordenaci\u00f3n y presentaci\u00f3n de sus contenidos y los programas de ordenador utilizados en relaci\u00f3n con el mismo est\u00e1n protegidos por derechos de propiedad intelectual e industrial de la propia\u00a0Agromolinillo, SCA,\u00a0o de terceros.<\/p>\n<p>3. Salvo que fuera autorizado por\u00a0Agromolinillo, SCA,\u00a0o, en su caso, por los terceros titulares de los derechos correspondientes, o a menos que ello resulte legalmente permitido, el usuario no podr\u00e1 reproducir, transformar, modificar, desensamblar, realizar ingenier\u00eda inversa, distribuir, alquilar, prestar, poner a disposici\u00f3n o permitir el acceso al p\u00fablico a trav\u00e9s de cualquier modalidad de comunicaci\u00f3n p\u00fablica de ninguno de los elementos referidos en el p\u00e1rrafo anterior.<\/p>\n<p>4. El usuario deber\u00e1 utilizar los materiales, elementos e informaci\u00f3n a la que acceda a trav\u00e9s de la utilizaci\u00f3n del sitio web \u00fanicamente para sus propias necesidades, oblig\u00e1ndose a no realizar ni directa ni indirectamente una explotaci\u00f3n comercial ni de los servicios ni de los materiales, elementos e informaci\u00f3n obtenidos a trav\u00e9s de los mismos.<\/p>\n<p>5. El usuario deber\u00e1 abstenerse de suprimir los signos identificativos de los derechos (de propiedad intelectual, industrial o cualquier otro) de\u00a0Agromolinillo, SCA,\u00a0o de los terceros que figuren en el sitio web y en los contenidos ofrecidos a trav\u00e9s de \u00e9l.<\/p>\n<p>6. Asimismo, el usuario deber\u00e1 abstenerse de eludir o manipular cualesquiera dispositivos t\u00e9cnicos establecidos por\u00a0Agromolinillo, SCA, o por terceros, ya sea en el sitio web, en cualquiera de los materiales, elementos o informaci\u00f3n obtenidos a trav\u00e9s del mismo, para la protecci\u00f3n de sus derechos.<\/p>\n<h2>CONTRASE\u00d1AS<\/h2>\n<p>7. Agromolinillo, SCA,\u00a0facilitar\u00e1 el uso de contrase\u00f1as personales al usuario que se registre como tal respecto a determinados servicios prestados por medio del sitio web. El usuario deber\u00e1 mantener bajo su exclusiva responsabilidad las contrase\u00f1as en la m\u00e1s estricta y absoluta confidencialidad, asumiendo, por tanto, cuantos da\u00f1os o consecuencias de todo tipo se deriven del quebrantamiento o revelaci\u00f3n del secreto. Por razones de seguridad, la contrase\u00f1a de acceso telem\u00e1tico a los servicios vinculados al sitio web podr\u00e1 ser modificada por el usuario.<\/p>\n<h2>EXCLUSI\u00d3N DE GARANT\u00cdAS<\/h2>\n<p>8. El usuario consiente que\u00a0Agromolinillo, SCA, pueda dirigirle comunicaciones comerciales referidas a sus productos o servicios bien por correo electr\u00f3nico, por correo postal o por cualquier otro medio, pudiendo solicitar en cualquier momento el cese en el env\u00edo de dichas comunicaciones. Para ello, as\u00ed como para realizar cualquier otro tipo de consulta o comentario, el usuario podr\u00e1 dirigirse a\u00a0Agromolinillo, SCA,\u00a0por medio de correo postal a:<\/p>\n<p>Agromolinillo, SCA &#8211; Pol\u00edgono Industrial \u201cEl Algarrobito\u201d, calle A \u2013 s\/n. 21800 \u2013 Moguer (Huelva)\u00a0o por medio de e-mail remitido a\u00a0<a href=\"mailto:info@agromolinillo.com\">info@agromolinillo.com<\/a><\/p>\n<h2>COMUNICACIONES<\/h2>\n<p>9. Agromolinillo, SCA, se compromete a llevar a cabo todos los esfuerzos necesarios para garantizar la disponibilidad y continuidad del sitio web as\u00ed como de los servicios vinculados al mismo. No obstante, Agromolinillo, SCA, no puede garantizar que el sitio web y los servicios vinculados al mismo funcionen correctamente en todo momento, que el usuario pueda acceder a ellos y utilizarlos de forma r\u00e1pida, ininterrumpida y libre de errores. De la misma forma, Agromolinillo, SCA, no otorga ninguna garant\u00eda respecto a la idoneidad y contenido del sitio web o de cualquiera de los servicios vinculados al mismo para la satisfacci\u00f3n de las necesidades espec\u00edficas del usuario.<\/p>\n<p>10. Agromolinillo, SCA,\u00a0actuar\u00e1 diligentemente seg\u00fan los usos generales aceptados en el sector para evitar la presencia en el sitio web o en alguno de los servicios vinculados al mismo de virus u otros elementos lesivos que pudieran causar alteraciones en el sistema inform\u00e1tico del usuario, en sus documentos electr\u00f3nicos o en sus ficheros, pero no puede garantizar la ausencia de tales elementos, no siendo responsable por los da\u00f1os y perjuicios que ello pudiera ocasionar.<\/p>\n<p>11. Agromolinillo, SCA,\u00a0no controla, ni hace propios, ni garantiza la exactitud, calidad, veracidad, fiabilidad o idoneidad de las informaciones y servicios facilitados o prestados por terceros a trav\u00e9s del sitio web. De igual forma, no controla y no garantiza la ausencia de virus u otros elementos lesivos en los contenidos o servicios facilitados o prestados por terceros a trav\u00e9s del sitio web.<\/p>\n<p>12. Agromolinillo, SCA, no garantiza la disponibilidad t\u00e9cnica, calidad, fiabilidad, exactitud o veracidad de los contenidos y servicios disponibles en sitios pertenecientes o gestionados por terceros a los que el usuario pueda acceder mediante dispositivos t\u00e9cnicos de enlace (links) desde el sitio web.\u00a0Agromolinillo, SCA, no controla el contenido de dichos sitios web ni ofrece ni comercializa los productos y servicios disponibles en los sitios web as\u00ed enlazados, ni asume en consecuencia responsabilidad alguna por los mismos.<\/p>\n<h2>RESOLUCI\u00d3N<\/h2>\n<p>Sin perjuicio de la responsabilidad por da\u00f1os y perjuicios que se pudiera derivar, Agromolinillo, SCA,\u00a0podr\u00e1, con car\u00e1cter inmediato y sin necesidad de preaviso, resolver y dar por terminada su relaci\u00f3n con el usuario, interrumpiendo su acceso al sitio web o a sus correspondientes servicios, si detecta un uso de los mismos o de cualquiera de los servicios vinculados a los mismos contrario a las condiciones generales o particulares que sean de aplicaci\u00f3n.<\/p>\n<p>&nbsp;<\/p>\n<h2><b>II. SEGURIDAD Y PROTECCI\u00d3N DE DATOS DE CAR\u00c1CTER PERSONAL<\/b><\/h2>\n<h2><\/h2>\n<h2>ALTA EN LOS SERVICIOS COMO USUARIO REGISTRADO<\/h2>\n<p>Para acceder a determinados servicios ser\u00e1 preciso darse de alta como USUARIO REGISTRADO de\u00a0\u00a0<a href=\"http:\/\/www.enerfin.es\/\" target=\"_blank\">www.agromolinillo.com<\/a>. \u00a0Los datos para cumplimentar el Formulario de Alta se facilitan de manera libre y voluntaria, de modo que los datos habr\u00e1n de ser ciertos y ajustados a la realidad.<\/p>\n<p>El USUARIO se compromete a hacer un uso diligente y a no poner a disposici\u00f3n de terceros su nombre de usuario y contrase\u00f1a, as\u00ed como a comunicar a\u00a0Agromolinillo, SCA, con la mayor brevedad, la p\u00e9rdida, robo o cualquier riesgo de acceso a los mismos por un tercero.<\/p>\n<p>Al darse de alta como USUARIO REGISTRADO, el USUARIO consiente que sus datos personales y\/o cualquier otro dato facilitado sean tratados de forma automatizada o manual.<\/p>\n<h2>PROTECCI\u00d3N DE DATOS PERSONALES<\/h2>\n<p>Agromolinillo, SCA,\u00a0garantiza la seguridad y confidencialidad de los datos de car\u00e1cter personal facilitados como USUARIO de\u00a0<a href=\"http:\/\/www.enerfin.es\/\" target=\"_blank\">www.agromolinillo.com<\/a>\u00a0\u00a0cumpliendo con lo dispuesto en la Ley Org\u00e1nica 15\/1999, de 13 de Diciembre, de Protecci\u00f3n de Datos de Car\u00e1cter Personal.<\/p>\n<p>La recogida y tratamiento de los datos personales tiene como \u00fanica finalidad, salvo que se indique otra cosa en los formularios del sitio web donde se recaben los datos del USUARIO, la gesti\u00f3n de la informaci\u00f3n suministrada en las consultas, solicitudes de empleo que el USUARIO realice a\u00a0Agromolinillo, SCA\u00a0a trav\u00e9s del sitio web, controlar el cumplimiento de las condiciones de uso del sitio web y el cumplimiento de las\u00a0\u00a0 pertinentes obligaciones legales.<\/p>\n<p>As\u00ed mismo le informamos que los datos de car\u00e1cter personal que nos ha facilitado est\u00e1n recogidos en un fichero notificado a la Agencia Espa\u00f1ola de Protecci\u00f3n de Datos y que cuenta con las medidas necesarias para garantizar la total seguridad de los datos que lo conforman.<\/p>\n<p>Le recordamos la posibilidad de acceder a los datos facilitados, as\u00ed como de solicitar, en su caso, su rectificaci\u00f3n, oposici\u00f3n o cancelaci\u00f3n, en los t\u00e9rminos establecidos por la Ley indicada, dirigiendo una comunicaci\u00f3n escrita\u00a0a:<\/p>\n<p><b>Agromolinillo, SCA &#8211; Pol\u00edgono Industrial \u201cEl Algarrobito\u201d, calle A \u2013 s\/n. 21800 \u2013 Moguer (Huelva)\u00a0o por medio de <\/b>e-mail remitido a <a href=\"mailto:info@agromolinillo.com\">info@agromolinillo.com<\/a><\/p>\n","protected":false},"excerpt":{"rendered":"<p>Informaci\u00f3n legal: \u00a0 DOMICILIO SOCIAL Pol\u00edgono Industrial \u201cEl Algarrobito\u201d, calle A \u2013 s\/n. 21800 \u2013 Moguer (Huelva) CIF.: F -21047758 &nbsp; DATOS REGISTRALES: Inscrita en el Registro de Cooperativas Andaluzas, Unidad Provincial de Huelva, con n\u00ba de inscripci\u00f3n HURCA00253. TELEFONO DE CONTACTO: 959 371 211 CORREO ELECTR\u00d3NICO: info@agromolinillo.com El presente Aviso Legal regula el acceso<\/p>\n","protected":false},"author":1,"featured_media":0,"parent":0,"menu_order":0,"comment_status":"open","ping_status":"open","template":"","meta":{"footnotes":""},"class_list":["post-435","page","type-page","status-publish","hentry"],"yoast_head":"<!-- This site is optimized with the Yoast SEO plugin v24.4 - https:\/\/yoast.com\/wordpress\/plugins\/seo\/ -->\n<title>Aviso Legal<\/title>\n<meta name=\"robots\" content=\"index, follow, max-snippet:-1, max-image-preview:large, max-video-preview:-1\" \/>\n<link rel=\"canonical\" href=\"https:\/\/agromolinillo.es\/en\/aviso-legal\/\" \/>\n<meta property=\"og:locale\" content=\"en_US\" \/>\n<meta property=\"og:type\" content=\"article\" \/>\n<meta property=\"og:title\" content=\"Aviso Legal\" \/>\n<meta property=\"og:description\" content=\"Informaci\u00f3n legal: \u00a0 DOMICILIO SOCIAL Pol\u00edgono Industrial \u201cEl Algarrobito\u201d, calle A \u2013 s\/n. 21800 \u2013 Moguer (Huelva) CIF.: F -21047758 &nbsp; DATOS REGISTRALES: Inscrita en el Registro de Cooperativas Andaluzas, Unidad Provincial de Huelva, con n\u00ba de inscripci\u00f3n HURCA00253. TELEFONO DE CONTACTO: 959 371 211 CORREO ELECTR\u00d3NICO: info@agromolinillo.com El presente Aviso Legal regula el acceso\" \/>\n<meta property=\"og:url\" content=\"https:\/\/agromolinillo.es\/en\/aviso-legal\/\" \/>\n<meta property=\"og:site_name\" content=\"Agromolinillo\" \/>\n<meta property=\"article:publisher\" content=\"https:\/\/www.facebook.com\/agromolinillo\/?fref=ts\" \/>\n<meta property=\"article:modified_time\" content=\"2017-07-19T07:35:32+00:00\" \/>\n<meta property=\"og:image\" content=\"https:\/\/agromolinillo.es\/wp-content\/uploads\/2014\/02\/AGM-MARCA.jpg\" \/>\n\t<meta property=\"og:image:width\" content=\"472\" \/>\n\t<meta property=\"og:image:height\" content=\"472\" \/>\n\t<meta property=\"og:image:type\" content=\"image\/jpeg\" \/>\n<meta name=\"twitter:label1\" content=\"Est. reading time\" \/>\n\t<meta name=\"twitter:data1\" content=\"9 minutes\" \/>\n<script type=\"application\/ld+json\" class=\"yoast-schema-graph\">{\"@context\":\"https:\/\/schema.org\",\"@graph\":[{\"@type\":\"WebPage\",\"@id\":\"https:\/\/agromolinillo.es\/en\/aviso-legal\/\",\"url\":\"https:\/\/agromolinillo.es\/en\/aviso-legal\/\",\"name\":\"Aviso Legal\",\"isPartOf\":{\"@id\":\"https:\/\/agromolinillo.es\/en\/#website\"},\"datePublished\":\"2014-03-26T12:09:08+00:00\",\"dateModified\":\"2017-07-19T07:35:32+00:00\",\"breadcrumb\":{\"@id\":\"https:\/\/agromolinillo.es\/en\/aviso-legal\/#breadcrumb\"},\"inLanguage\":\"en-US\",\"potentialAction\":[{\"@type\":\"ReadAction\",\"target\":[[\"https:\/\/agromolinillo.es\/en\/aviso-legal\/\"]]}]},{\"@type\":\"BreadcrumbList\",\"@id\":\"https:\/\/agromolinillo.es\/en\/aviso-legal\/#breadcrumb\",\"itemListElement\":[{\"@type\":\"ListItem\",\"position\":1,\"name\":\"Portada\",\"item\":\"https:\/\/agromolinillo.es\/en\/\"},{\"@type\":\"ListItem\",\"position\":2,\"name\":\"Aviso Legal\"}]},{\"@type\":\"WebSite\",\"@id\":\"https:\/\/agromolinillo.es\/en\/#website\",\"url\":\"https:\/\/agromolinillo.es\/en\/\",\"name\":\"Agromolinillo\",\"description\":\"Agromolinillo - Moguer\",\"publisher\":{\"@id\":\"https:\/\/agromolinillo.es\/en\/#organization\"},\"potentialAction\":[{\"@type\":\"SearchAction\",\"target\":{\"@type\":\"EntryPoint\",\"urlTemplate\":\"https:\/\/agromolinillo.es\/en\/?s={search_term_string}\"},\"query-input\":{\"@type\":\"PropertyValueSpecification\",\"valueRequired\":true,\"valueName\":\"search_term_string\"}}],\"inLanguage\":\"en-US\"},{\"@type\":\"Organization\",\"@id\":\"https:\/\/agromolinillo.es\/en\/#organization\",\"name\":\"Agromolinillo\",\"url\":\"https:\/\/agromolinillo.es\/en\/\",\"logo\":{\"@type\":\"ImageObject\",\"inLanguage\":\"en-US\",\"@id\":\"https:\/\/agromolinillo.es\/en\/#\/schema\/logo\/image\/\",\"url\":\"https:\/\/agromolinillo.es\/wp-content\/uploads\/2014\/02\/logo3.png\",\"contentUrl\":\"https:\/\/agromolinillo.es\/wp-content\/uploads\/2014\/02\/logo3.png\",\"width\":220,\"height\":84,\"caption\":\"Agromolinillo\"},\"image\":{\"@id\":\"https:\/\/agromolinillo.es\/en\/#\/schema\/logo\/image\/\"},\"sameAs\":[\"https:\/\/www.facebook.com\/agromolinillo\/?fref=ts\",\"https:\/\/www.instagram.com\/agromolinilloberries\/\",\"https:\/\/es.linkedin.com\/company\/agromolinillo\"]}]}<\/script>\n<!-- \/ Yoast SEO plugin. -->","yoast_head_json":{"title":"Aviso Legal","robots":{"index":"index","follow":"follow","max-snippet":"max-snippet:-1","max-image-preview":"max-image-preview:large","max-video-preview":"max-video-preview:-1"},"canonical":"https:\/\/agromolinillo.es\/en\/aviso-legal\/","og_locale":"en_US","og_type":"article","og_title":"Aviso Legal","og_description":"Informaci\u00f3n legal: \u00a0 DOMICILIO SOCIAL Pol\u00edgono Industrial \u201cEl Algarrobito\u201d, calle A \u2013 s\/n. 21800 \u2013 Moguer (Huelva) CIF.: F -21047758 &nbsp; DATOS REGISTRALES: Inscrita en el Registro de Cooperativas Andaluzas, Unidad Provincial de Huelva, con n\u00ba de inscripci\u00f3n HURCA00253. TELEFONO DE CONTACTO: 959 371 211 CORREO ELECTR\u00d3NICO: info@agromolinillo.com El presente Aviso Legal regula el acceso","og_url":"https:\/\/agromolinillo.es\/en\/aviso-legal\/","og_site_name":"Agromolinillo","article_publisher":"https:\/\/www.facebook.com\/agromolinillo\/?fref=ts","article_modified_time":"2017-07-19T07:35:32+00:00","og_image":[{"width":472,"height":472,"url":"https:\/\/agromolinillo.es\/wp-content\/uploads\/2014\/02\/AGM-MARCA.jpg","type":"image\/jpeg"}],"twitter_misc":{"Est. reading time":"9 minutes"},"schema":{"@context":"https:\/\/schema.org","@graph":[{"@type":"WebPage","@id":"https:\/\/agromolinillo.es\/en\/aviso-legal\/","url":"https:\/\/agromolinillo.es\/en\/aviso-legal\/","name":"Aviso Legal","isPartOf":{"@id":"https:\/\/agromolinillo.es\/en\/#website"},"datePublished":"2014-03-26T12:09:08+00:00","dateModified":"2017-07-19T07:35:32+00:00","breadcrumb":{"@id":"https:\/\/agromolinillo.es\/en\/aviso-legal\/#breadcrumb"},"inLanguage":"en-US","potentialAction":[{"@type":"ReadAction","target":[["https:\/\/agromolinillo.es\/en\/aviso-legal\/"]]}]},{"@type":"BreadcrumbList","@id":"https:\/\/agromolinillo.es\/en\/aviso-legal\/#breadcrumb","itemListElement":[{"@type":"ListItem","position":1,"name":"Portada","item":"https:\/\/agromolinillo.es\/en\/"},{"@type":"ListItem","position":2,"name":"Aviso Legal"}]},{"@type":"WebSite","@id":"https:\/\/agromolinillo.es\/en\/#website","url":"https:\/\/agromolinillo.es\/en\/","name":"Agromolinillo","description":"Agromolinillo - Moguer","publisher":{"@id":"https:\/\/agromolinillo.es\/en\/#organization"},"potentialAction":[{"@type":"SearchAction","target":{"@type":"EntryPoint","urlTemplate":"https:\/\/agromolinillo.es\/en\/?s={search_term_string}"},"query-input":{"@type":"PropertyValueSpecification","valueRequired":true,"valueName":"search_term_string"}}],"inLanguage":"en-US"},{"@type":"Organization","@id":"https:\/\/agromolinillo.es\/en\/#organization","name":"Agromolinillo","url":"https:\/\/agromolinillo.es\/en\/","logo":{"@type":"ImageObject","inLanguage":"en-US","@id":"https:\/\/agromolinillo.es\/en\/#\/schema\/logo\/image\/","url":"https:\/\/agromolinillo.es\/wp-content\/uploads\/2014\/02\/logo3.png","contentUrl":"https:\/\/agromolinillo.es\/wp-content\/uploads\/2014\/02\/logo3.png","width":220,"height":84,"caption":"Agromolinillo"},"image":{"@id":"https:\/\/agromolinillo.es\/en\/#\/schema\/logo\/image\/"},"sameAs":["https:\/\/www.facebook.com\/agromolinillo\/?fref=ts","https:\/\/www.instagram.com\/agromolinilloberries\/","https:\/\/es.linkedin.com\/company\/agromolinillo"]}]}},"_links":{"self":[{"href":"https:\/\/agromolinillo.es\/en\/wp-json\/wp\/v2\/pages\/435"}],"collection":[{"href":"https:\/\/agromolinillo.es\/en\/wp-json\/wp\/v2\/pages"}],"about":[{"href":"https:\/\/agromolinillo.es\/en\/wp-json\/wp\/v2\/types\/page"}],"author":[{"embeddable":true,"href":"https:\/\/agromolinillo.es\/en\/wp-json\/wp\/v2\/users\/1"}],"replies":[{"embeddable":true,"href":"https:\/\/agromolinillo.es\/en\/wp-json\/wp\/v2\/comments?post=435"}],"version-history":[{"count":6,"href":"https:\/\/agromolinillo.es\/en\/wp-json\/wp\/v2\/pages\/435\/revisions"}],"predecessor-version":[{"id":1666,"href":"https:\/\/agromolinillo.es\/en\/wp-json\/wp\/v2\/pages\/435\/revisions\/1666"}],"wp:attachment":[{"href":"https:\/\/agromolinillo.es\/en\/wp-json\/wp\/v2\/media?parent=435"}],"curies":[{"name":"wp","href":"https:\/\/api.w.org\/{rel}","templated":true}]}}