{"id":1059,"date":"2014-10-02T12:53:30","date_gmt":"2014-10-02T12:53:30","guid":{"rendered":"https:\/\/agromolinillo.es\/\/?page_id=1059"},"modified":"2020-03-12T11:51:22","modified_gmt":"2020-03-12T10:51:22","slug":"asi-comenzo-todo","status":"publish","type":"page","link":"https:\/\/agromolinillo.es\/en\/asi-comenzo-todo\/","title":{"rendered":"As\u00ed comenz\u00f3 todo"},"content":{"rendered":"<p><b>Moguer<\/b> es nuestra tierra, es nuestra pasi\u00f3n, aqu\u00ed vivimos, en ella\u00a0 cultivamos y desde ella tambi\u00e9n, comercializamos nuestras <strong>Fruta Fresca de Moguer<\/strong> para todo el mundo, desde Alemania a China pasando por Canada o B\u00e9lgica. <strong>Agromolinillo<\/strong> es ilusi\u00f3n, compromiso social, trabajo en equipo y calidad.<\/p>\n<p>En Agromolinillo no olvidamos nuestros or\u00edgenes, una peque\u00f1a empresa familiar ( Costa de Huelva) fundada en 1979\u00a0 por <b>Juan M\u00e1rquez Soriano<\/b> junto a otros dos agricultores,\u00a0\u00a0 y dedicada a la producci\u00f3n de fresas en una huerta de su propiedad.\u00a0 En poco tiempo se agruparon a ellos los productores de los pocos municipios en los que, por aquel entonces, se dedicaban a la fruta.<\/p>\n<p>En estos \u00faltimos a\u00f1os y debido a la evoluci\u00f3n de los mercados unido a la tendencia de estar a la vanguardia en desarrollo e investigaci\u00f3n Agromolinillo ha implantado otra l\u00ednea de cultivo especializandose en otro producto estrella de la casa, EL ARANDANO.<\/p>\n<p>Agromolinillo se encuetra posicionado como principal productor de arandanos a nivel espa\u00f1ol y uno de los principales productores a nivel mundial.<\/p>\n<p>Tal es asi, que Agromolinillo se convirti\u00f3 en el a\u00f1o 2012 en la primera empresa onubense exportadora de ar\u00e1ndanos al continente asi\u00e1tico.<\/p>","protected":false},"excerpt":{"rendered":"<p>Moguer es nuestra tierra, es nuestra pasi\u00f3n, aqu\u00ed vivimos, en ella\u00a0 cultivamos y desde ella tambi\u00e9n, comercializamos nuestras Fruta Fresca de Moguer para todo el mundo, desde Alemania a China pasando por Canada o B\u00e9lgica. Agromolinillo es ilusi\u00f3n, compromiso social, trabajo en equipo y calidad. En Agromolinillo no olvidamos nuestros or\u00edgenes, una peque\u00f1a empresa familiar<\/p>\n","protected":false},"author":1,"featured_media":0,"parent":0,"menu_order":0,"comment_status":"open","ping_status":"open","template":"","meta":{"footnotes":""},"class_list":["post-1059","page","type-page","status-publish","hentry"],"yoast_head":"<!-- This site is optimized with the Yoast SEO plugin v24.4 - https:\/\/yoast.com\/wordpress\/plugins\/seo\/ -->\n<title>As\u00ed comenz\u00f3 todo<\/title>\n<meta name=\"description\" content=\"As\u00ed comenz\u00f3 todo\" \/>\n<meta name=\"robots\" content=\"index, follow, max-snippet:-1, max-image-preview:large, max-video-preview:-1\" \/>\n<link rel=\"canonical\" href=\"https:\/\/agromolinillo.es\/en\/asi-comenzo-todo\/\" \/>\n<meta property=\"og:locale\" content=\"en_US\" \/>\n<meta property=\"og:type\" content=\"article\" \/>\n<meta property=\"og:title\" content=\"As\u00ed comenz\u00f3 todo\" \/>\n<meta property=\"og:description\" content=\"As\u00ed comenz\u00f3 todo\" \/>\n<meta property=\"og:url\" content=\"https:\/\/agromolinillo.es\/en\/asi-comenzo-todo\/\" \/>\n<meta property=\"og:site_name\" content=\"Agromolinillo\" \/>\n<meta property=\"article:publisher\" content=\"https:\/\/www.facebook.com\/agromolinillo\/?fref=ts\" \/>\n<meta property=\"article:modified_time\" content=\"2020-03-12T10:51:22+00:00\" \/>\n<meta property=\"og:image\" content=\"https:\/\/agromolinillo.es\/wp-content\/uploads\/2014\/02\/AGM-MARCA.jpg\" \/>\n\t<meta property=\"og:image:width\" content=\"472\" \/>\n\t<meta property=\"og:image:height\" content=\"472\" \/>\n\t<meta property=\"og:image:type\" content=\"image\/jpeg\" \/>\n<meta name=\"twitter:label1\" content=\"Est. reading time\" \/>\n\t<meta name=\"twitter:data1\" content=\"3 minutes\" \/>\n<script type=\"application\/ld+json\" class=\"yoast-schema-graph\">{\"@context\":\"https:\/\/schema.org\",\"@graph\":[{\"@type\":\"WebPage\",\"@id\":\"https:\/\/agromolinillo.es\/en\/asi-comenzo-todo\/\",\"url\":\"https:\/\/agromolinillo.es\/en\/asi-comenzo-todo\/\",\"name\":\"As\u00ed comenz\u00f3 todo\",\"isPartOf\":{\"@id\":\"https:\/\/agromolinillo.es\/en\/#website\"},\"datePublished\":\"2014-10-02T12:53:30+00:00\",\"dateModified\":\"2020-03-12T10:51:22+00:00\",\"description\":\"As\u00ed comenz\u00f3 todo\",\"breadcrumb\":{\"@id\":\"https:\/\/agromolinillo.es\/en\/asi-comenzo-todo\/#breadcrumb\"},\"inLanguage\":\"en-US\",\"potentialAction\":[{\"@type\":\"ReadAction\",\"target\":[[\"https:\/\/agromolinillo.es\/en\/asi-comenzo-todo\/\"]]}]},{\"@type\":\"BreadcrumbList\",\"@id\":\"https:\/\/agromolinillo.es\/en\/asi-comenzo-todo\/#breadcrumb\",\"itemListElement\":[{\"@type\":\"ListItem\",\"position\":1,\"name\":\"Portada\",\"item\":\"https:\/\/agromolinillo.es\/en\/\"},{\"@type\":\"ListItem\",\"position\":2,\"name\":\"As\u00ed comenz\u00f3 todo\"}]},{\"@type\":\"WebSite\",\"@id\":\"https:\/\/agromolinillo.es\/en\/#website\",\"url\":\"https:\/\/agromolinillo.es\/en\/\",\"name\":\"Agromolinillo\",\"description\":\"Agromolinillo - Moguer\",\"publisher\":{\"@id\":\"https:\/\/agromolinillo.es\/en\/#organization\"},\"potentialAction\":[{\"@type\":\"SearchAction\",\"target\":{\"@type\":\"EntryPoint\",\"urlTemplate\":\"https:\/\/agromolinillo.es\/en\/?s={search_term_string}\"},\"query-input\":{\"@type\":\"PropertyValueSpecification\",\"valueRequired\":true,\"valueName\":\"search_term_string\"}}],\"inLanguage\":\"en-US\"},{\"@type\":\"Organization\",\"@id\":\"https:\/\/agromolinillo.es\/en\/#organization\",\"name\":\"Agromolinillo\",\"url\":\"https:\/\/agromolinillo.es\/en\/\",\"logo\":{\"@type\":\"ImageObject\",\"inLanguage\":\"en-US\",\"@id\":\"https:\/\/agromolinillo.es\/en\/#\/schema\/logo\/image\/\",\"url\":\"https:\/\/agromolinillo.es\/wp-content\/uploads\/2014\/02\/logo3.png\",\"contentUrl\":\"https:\/\/agromolinillo.es\/wp-content\/uploads\/2014\/02\/logo3.png\",\"width\":220,\"height\":84,\"caption\":\"Agromolinillo\"},\"image\":{\"@id\":\"https:\/\/agromolinillo.es\/en\/#\/schema\/logo\/image\/\"},\"sameAs\":[\"https:\/\/www.facebook.com\/agromolinillo\/?fref=ts\",\"https:\/\/www.instagram.com\/agromolinilloberries\/\",\"https:\/\/es.linkedin.com\/company\/agromolinillo\"]}]}<\/script>\n<!-- \/ Yoast SEO plugin. -->","yoast_head_json":{"title":"As\u00ed comenz\u00f3 todo","description":"As\u00ed comenz\u00f3 todo","robots":{"index":"index","follow":"follow","max-snippet":"max-snippet:-1","max-image-preview":"max-image-preview:large","max-video-preview":"max-video-preview:-1"},"canonical":"https:\/\/agromolinillo.es\/en\/asi-comenzo-todo\/","og_locale":"en_US","og_type":"article","og_title":"As\u00ed comenz\u00f3 todo","og_description":"As\u00ed comenz\u00f3 todo","og_url":"https:\/\/agromolinillo.es\/en\/asi-comenzo-todo\/","og_site_name":"Agromolinillo","article_publisher":"https:\/\/www.facebook.com\/agromolinillo\/?fref=ts","article_modified_time":"2020-03-12T10:51:22+00:00","og_image":[{"width":472,"height":472,"url":"https:\/\/agromolinillo.es\/wp-content\/uploads\/2014\/02\/AGM-MARCA.jpg","type":"image\/jpeg"}],"twitter_misc":{"Est. reading time":"3 minutes"},"schema":{"@context":"https:\/\/schema.org","@graph":[{"@type":"WebPage","@id":"https:\/\/agromolinillo.es\/en\/asi-comenzo-todo\/","url":"https:\/\/agromolinillo.es\/en\/asi-comenzo-todo\/","name":"As\u00ed comenz\u00f3 todo","isPartOf":{"@id":"https:\/\/agromolinillo.es\/en\/#website"},"datePublished":"2014-10-02T12:53:30+00:00","dateModified":"2020-03-12T10:51:22+00:00","description":"As\u00ed comenz\u00f3 todo","breadcrumb":{"@id":"https:\/\/agromolinillo.es\/en\/asi-comenzo-todo\/#breadcrumb"},"inLanguage":"en-US","potentialAction":[{"@type":"ReadAction","target":[["https:\/\/agromolinillo.es\/en\/asi-comenzo-todo\/"]]}]},{"@type":"BreadcrumbList","@id":"https:\/\/agromolinillo.es\/en\/asi-comenzo-todo\/#breadcrumb","itemListElement":[{"@type":"ListItem","position":1,"name":"Portada","item":"https:\/\/agromolinillo.es\/en\/"},{"@type":"ListItem","position":2,"name":"As\u00ed comenz\u00f3 todo"}]},{"@type":"WebSite","@id":"https:\/\/agromolinillo.es\/en\/#website","url":"https:\/\/agromolinillo.es\/en\/","name":"Agromolinillo","description":"Agromolinillo - Moguer","publisher":{"@id":"https:\/\/agromolinillo.es\/en\/#organization"},"potentialAction":[{"@type":"SearchAction","target":{"@type":"EntryPoint","urlTemplate":"https:\/\/agromolinillo.es\/en\/?s={search_term_string}"},"query-input":{"@type":"PropertyValueSpecification","valueRequired":true,"valueName":"search_term_string"}}],"inLanguage":"en-US"},{"@type":"Organization","@id":"https:\/\/agromolinillo.es\/en\/#organization","name":"Agromolinillo","url":"https:\/\/agromolinillo.es\/en\/","logo":{"@type":"ImageObject","inLanguage":"en-US","@id":"https:\/\/agromolinillo.es\/en\/#\/schema\/logo\/image\/","url":"https:\/\/agromolinillo.es\/wp-content\/uploads\/2014\/02\/logo3.png","contentUrl":"https:\/\/agromolinillo.es\/wp-content\/uploads\/2014\/02\/logo3.png","width":220,"height":84,"caption":"Agromolinillo"},"image":{"@id":"https:\/\/agromolinillo.es\/en\/#\/schema\/logo\/image\/"},"sameAs":["https:\/\/www.facebook.com\/agromolinillo\/?fref=ts","https:\/\/www.instagram.com\/agromolinilloberries\/","https:\/\/es.linkedin.com\/company\/agromolinillo"]}]}},"_links":{"self":[{"href":"https:\/\/agromolinillo.es\/en\/wp-json\/wp\/v2\/pages\/1059"}],"collection":[{"href":"https:\/\/agromolinillo.es\/en\/wp-json\/wp\/v2\/pages"}],"about":[{"href":"https:\/\/agromolinillo.es\/en\/wp-json\/wp\/v2\/types\/page"}],"author":[{"embeddable":true,"href":"https:\/\/agromolinillo.es\/en\/wp-json\/wp\/v2\/users\/1"}],"replies":[{"embeddable":true,"href":"https:\/\/agromolinillo.es\/en\/wp-json\/wp\/v2\/comments?post=1059"}],"version-history":[{"count":6,"href":"https:\/\/agromolinillo.es\/en\/wp-json\/wp\/v2\/pages\/1059\/revisions"}],"predecessor-version":[{"id":3824,"href":"https:\/\/agromolinillo.es\/en\/wp-json\/wp\/v2\/pages\/1059\/revisions\/3824"}],"wp:attachment":[{"href":"https:\/\/agromolinillo.es\/en\/wp-json\/wp\/v2\/media?parent=1059"}],"curies":[{"name":"wp","href":"https:\/\/api.w.org\/{rel}","templated":true}]}}