{"id":37,"date":"2014-02-11T16:14:28","date_gmt":"2014-02-11T16:14:28","guid":{"rendered":"http:\/\/localhost\/agromolinillos\/?page_id=37"},"modified":"2018-10-19T08:31:46","modified_gmt":"2018-10-19T08:31:46","slug":"calendario","status":"publish","type":"page","link":"https:\/\/agromolinillo.es\/de\/calendario\/","title":{"rendered":"Frisches Obst"},"content":{"rendered":"<p><div class=\"fusion-fullwidth fullwidth-box fusion-builder-row-7 nonhundred-percent-fullwidth non-hundred-percent-height-scrolling\" style=\"--awb-border-radius-top-left:0px;--awb-border-radius-top-right:0px;--awb-border-radius-bottom-right:0px;--awb-border-radius-bottom-left:0px;--awb-flex-wrap:wrap;\" ><div class=\"fusion-builder-row fusion-row\"><div class=\"fusion-layout-column fusion_builder_column fusion-builder-column-16 fusion_builder_column_1_1 1_1 fusion-one-full fusion-column-first fusion-column-last\" style=\"--awb-bg-size:cover;\"><div class=\"fusion-column-wrapper fusion-flex-column-wrapper-legacy\"><div class=\"fusion-text fusion-text-17\"><h1><strong><span style=\"color: #d5004c;\">ZEITPLAN<\/span><\/strong><\/h1>\n<\/div><div class=\"fusion-sep-clear\"><\/div><div class=\"fusion-separator fusion-full-width-sep\" style=\"margin-left: auto;margin-right: auto;width:100%;\"><div class=\"fusion-separator-border sep-single sep-solid\" style=\"--awb-height:20px;--awb-amount:20px;--awb-sep-color:#d5004c;border-color:#d5004c;border-top-width:1px;\"><\/div><\/div><div class=\"fusion-sep-clear\"><\/div><div class=\"fusion-clearfix\"><\/div><\/div><\/div><\/div><\/div><div class=\"fusion-fullwidth fullwidth-box fusion-builder-row-8 nonhundred-percent-fullwidth non-hundred-percent-height-scrolling\" style=\"--awb-border-radius-top-left:0px;--awb-border-radius-top-right:0px;--awb-border-radius-bottom-right:0px;--awb-border-radius-bottom-left:0px;--awb-flex-wrap:wrap;\" ><div class=\"fusion-builder-row fusion-row\"><div class=\"fusion-layout-column fusion_builder_column fusion-builder-column-17 fusion_builder_column_1_3 1_3 fusion-one-third fusion-column-first\" style=\"--awb-bg-size:cover;width:33.333333333333%;width:calc(33.333333333333% - ( ( 4% + 4% ) * 0.33333333333333 ) );margin-right: 4%;\"><div class=\"fusion-column-wrapper fusion-flex-column-wrapper-legacy\"><div class=\"fusion-text fusion-text-18\"><p><a title=\"Fresa\" href=\"https:\/\/agromolinillo.es\/\/?avada_portfolio=fresa\"><img decoding=\"async\" class=\"alignnone size-full wp-image-762\" src=\"https:\/\/agromolinillo.es\/\/wp-content\/uploads\/2014\/02\/fresa.jpg\" alt=\"fresa\" width=\"521\" height=\"372\" srcset=\"https:\/\/agromolinillo.es\/wp-content\/uploads\/2014\/02\/fresa-300x214.jpg 300w, https:\/\/agromolinillo.es\/wp-content\/uploads\/2014\/02\/fresa.jpg 521w\" sizes=\"(max-width: 521px) 100vw, 521px\" \/><\/a><\/p>\n<h2><a title=\"Fresa\" href=\"https:\/\/agromolinillo.es\/\/?avada_portfolio=fresa\">ERDBEERE<\/a><\/h2>\n<p>Der Erdbeeranbau beginnt Mitte Oktober oder Anfang November &#8230;<\/p>\n<\/div><div class=\"fusion-clearfix\"><\/div><\/div><\/div><div class=\"fusion-layout-column fusion_builder_column fusion-builder-column-18 fusion_builder_column_1_3 1_3 fusion-one-third\" style=\"--awb-bg-size:cover;width:33.333333333333%;width:calc(33.333333333333% - ( ( 4% + 4% ) * 0.33333333333333 ) );margin-right: 4%;\"><div class=\"fusion-column-wrapper fusion-flex-column-wrapper-legacy\"><div class=\"fusion-text fusion-text-19\"><p><a title=\"Arandano\" href=\"https:\/\/agromolinillo.es\/\/?avada_portfolio=arandano\"><img decoding=\"async\" class=\"alignnone size-full wp-image-761\" src=\"https:\/\/agromolinillo.es\/\/wp-content\/uploads\/2014\/02\/arandano.jpg\" alt=\"arandano\" width=\"521\" height=\"372\" srcset=\"https:\/\/agromolinillo.es\/wp-content\/uploads\/2014\/02\/arandano-300x214.jpg 300w, https:\/\/agromolinillo.es\/wp-content\/uploads\/2014\/02\/arandano.jpg 521w\" sizes=\"(max-width: 521px) 100vw, 521px\" \/><\/a><\/p>\n<h2><a title=\"Arandano\" href=\"https:\/\/agromolinillo.es\/\/?avada_portfolio=arandano\">BLAUBEERE<\/a><\/h2>\n<p><span id=\"result_box\" class=\"\" lang=\"de\"><span class=\"hps\">Die<\/span> <span class=\"hps\">Abholtermine<\/span> <span class=\"hps\">variieren je nach<\/span> <span class=\"hps\">Sorten<\/span> <span class=\"hps\">Heidelbeeren,<\/span> <span class=\"hps\">aber<\/span><\/span>&#8230;<\/p>\n<\/div><div class=\"fusion-clearfix\"><\/div><\/div><\/div><div class=\"fusion-layout-column fusion_builder_column fusion-builder-column-19 fusion_builder_column_1_3 1_3 fusion-one-third fusion-column-last\" style=\"--awb-bg-size:cover;width:33.333333333333%;width:calc(33.333333333333% - ( ( 4% + 4% ) * 0.33333333333333 ) );\"><div class=\"fusion-column-wrapper fusion-flex-column-wrapper-legacy\"><div class=\"fusion-text fusion-text-20\"><p><a title=\"Naranja\" href=\"https:\/\/agromolinillo.es\/\/?avada_portfolio=naranja\"><img decoding=\"async\" class=\"alignnone size-full wp-image-763\" src=\"https:\/\/agromolinillo.es\/\/wp-content\/uploads\/2014\/02\/naranja.jpg\" alt=\"naranja\" width=\"521\" height=\"372\" srcset=\"https:\/\/agromolinillo.es\/wp-content\/uploads\/2014\/02\/naranja-300x214.jpg 300w, https:\/\/agromolinillo.es\/wp-content\/uploads\/2014\/02\/naranja.jpg 521w\" sizes=\"(max-width: 521px) 100vw, 521px\" \/><\/a><\/p>\n<h2><a title=\"Naranja\" href=\"https:\/\/agromolinillo.es\/\/?avada_portfolio=naranja\">CLEMENTINEN<\/a><\/h2>\n<p>Derzeit produzieren wir in Agromolinillo die Sorte Oronules, Nova und Afourer &#8230;<\/p>\n<\/div><div class=\"fusion-clearfix\"><\/div><\/div><\/div><div class=\"fusion-layout-column fusion_builder_column fusion-builder-column-20 fusion_builder_column_1_3 1_3 fusion-one-third fusion-column-first\" style=\"--awb-bg-size:cover;width:33.333333333333%;width:calc(33.333333333333% - ( ( 4% + 4% ) * 0.33333333333333 ) );margin-right: 4%;\"><div class=\"fusion-column-wrapper fusion-flex-column-wrapper-legacy\"><div class=\"fusion-text fusion-text-21\"><p><a href=\"https:\/\/agromolinillo.es\/portfolio-items\/arandanos-eco\/\"><img decoding=\"async\" class=\"size-full wp-image-3335 alignnone\" src=\"https:\/\/agromolinillo.es\/wp-content\/uploads\/2017\/11\/arandano-ECO.jpg\" alt=\"\" width=\"521\" height=\"372\" srcset=\"https:\/\/agromolinillo.es\/wp-content\/uploads\/2017\/11\/arandano-ECO-200x143.jpg 200w, https:\/\/agromolinillo.es\/wp-content\/uploads\/2017\/11\/arandano-ECO-300x214.jpg 300w, https:\/\/agromolinillo.es\/wp-content\/uploads\/2017\/11\/arandano-ECO-400x286.jpg 400w, https:\/\/agromolinillo.es\/wp-content\/uploads\/2017\/11\/arandano-ECO.jpg 521w\" sizes=\"(max-width: 521px) 100vw, 521px\" \/><\/a><\/p>\n<h2><a title=\"Arandano\" href=\"https:\/\/agromolinillo.es\/portfolio-items\/arandanos-eco\/\">AR\u00c1NDANO-ECO<\/a><\/h2>\n<p>Las fechas de recolecci\u00f3n son variables seg\u00fan las variedades de ar\u00e1ndanos plantadas, pero por&#8230;<\/p>\n<\/div><div class=\"fusion-clearfix\"><\/div><\/div><\/div><div class=\"fusion-layout-column fusion_builder_column fusion-builder-column-21 fusion_builder_column_1_3 1_3 fusion-one-third\" style=\"--awb-bg-size:cover;width:33.333333333333%;width:calc(33.333333333333% - ( ( 4% + 4% ) * 0.33333333333333 ) );margin-right: 4%;\"><div class=\"fusion-column-wrapper fusion-flex-column-wrapper-legacy\"><div class=\"fusion-text fusion-text-22\"><p><a href=\"https:\/\/agromolinillo.es\/portfolio-items\/frambuesa\/\"><img decoding=\"async\" class=\"size-full wp-image-3336 alignnone\" src=\"https:\/\/agromolinillo.es\/wp-content\/uploads\/2017\/11\/frambuesa-agm.jpg\" alt=\"\" width=\"521\" height=\"372\" srcset=\"https:\/\/agromolinillo.es\/wp-content\/uploads\/2017\/11\/frambuesa-agm-200x143.jpg 200w, https:\/\/agromolinillo.es\/wp-content\/uploads\/2017\/11\/frambuesa-agm-300x214.jpg 300w, https:\/\/agromolinillo.es\/wp-content\/uploads\/2017\/11\/frambuesa-agm-400x286.jpg 400w, https:\/\/agromolinillo.es\/wp-content\/uploads\/2017\/11\/frambuesa-agm.jpg 521w\" sizes=\"(max-width: 521px) 100vw, 521px\" \/><\/a><\/p>\n<h2><a title=\"Arandano\" href=\"https:\/\/agromolinillo.es\/portfolio-items\/frambuesa\/\">FRAMBUESA<\/a><\/h2>\n<p>La frambuesa, conocida tambi\u00e9n como fresa del bosque, es un hermoso fruto del frambueso o sang\u00fceso.<\/p>\n<\/div><div class=\"fusion-clearfix\"><\/div><\/div><\/div><div class=\"fusion-layout-column fusion_builder_column fusion-builder-column-22 fusion_builder_column_1_3 1_3 fusion-one-third fusion-column-last\" style=\"--awb-bg-size:cover;width:33.333333333333%;width:calc(33.333333333333% - ( ( 4% + 4% ) * 0.33333333333333 ) );\"><div class=\"fusion-column-wrapper fusion-flex-column-wrapper-legacy\"><div class=\"fusion-text fusion-text-23\"><p><a href=\"https:\/\/agromolinillo.es\/portfolio-items\/mora\/\"><img decoding=\"async\" class=\"size-full wp-image-3337 alignnone\" src=\"https:\/\/agromolinillo.es\/wp-content\/uploads\/2017\/11\/mora-agm.jpg\" alt=\"\" width=\"521\" height=\"372\" srcset=\"https:\/\/agromolinillo.es\/wp-content\/uploads\/2017\/11\/mora-agm-200x143.jpg 200w, https:\/\/agromolinillo.es\/wp-content\/uploads\/2017\/11\/mora-agm-300x214.jpg 300w, https:\/\/agromolinillo.es\/wp-content\/uploads\/2017\/11\/mora-agm-400x286.jpg 400w, https:\/\/agromolinillo.es\/wp-content\/uploads\/2017\/11\/mora-agm.jpg 521w\" sizes=\"(max-width: 521px) 100vw, 521px\" \/><\/a><\/p>\n<h2><a title=\"Arandano\" href=\"https:\/\/agromolinillo.es\/portfolio-items\/mora\/\">MORA<\/a><\/h2>\n<p>AGM cuenta entre su oferta de berries con la producci\u00f3n y comercializaci\u00f3n de moras.<\/p>\n<\/div><div class=\"fusion-clearfix\"><\/div><\/div><\/div><\/div><\/div><div class=\"fusion-fullwidth fullwidth-box fusion-builder-row-9 nonhundred-percent-fullwidth non-hundred-percent-height-scrolling\" style=\"--awb-border-radius-top-left:0px;--awb-border-radius-top-right:0px;--awb-border-radius-bottom-right:0px;--awb-border-radius-bottom-left:0px;--awb-flex-wrap:wrap;\" ><div class=\"fusion-builder-row fusion-row\"><div class=\"fusion-layout-column fusion_builder_column fusion-builder-column-23 fusion_builder_column_1_1 1_1 fusion-one-full fusion-column-first fusion-column-last\" style=\"--awb-bg-size:cover;\"><div class=\"fusion-column-wrapper fusion-flex-column-wrapper-legacy\"><div class=\"fusion-text fusion-text-24\"><h2>Kalender f\u00fcr Saat und Ernte<\/h2>\n<\/div><div class=\"fusion-image-element in-legacy-container\" style=\"--awb-bottom-shadow-color:rgba(0,0,0,0.4);--awb-caption-title-font-family:var(--h2_typography-font-family);--awb-caption-title-font-weight:var(--h2_typography-font-weight);--awb-caption-title-font-style:var(--h2_typography-font-style);--awb-caption-title-size:var(--h2_typography-font-size);--awb-caption-title-transform:var(--h2_typography-text-transform);--awb-caption-title-line-height:var(--h2_typography-line-height);--awb-caption-title-letter-spacing:var(--h2_typography-letter-spacing);\"><div class=\"awb-image-frame awb-image-frame-3 awb-bottomshadow\"><span class=\" fusion-imageframe imageframe-bottomshadow imageframe-3 hover-type-none\"><img decoding=\"async\" width=\"1331\" height=\"406\" title=\"Calendario 2tabla\" src=\"https:\/\/agromolinillo.es\/wp-content\/uploads\/2018\/10\/AGM_Calendario-01.jpg\" alt class=\"img-responsive wp-image-3344\"\/><\/span><svg xmlns=\"http:\/\/www.w3.org\/2000\/svg\" version=\"1.1\" width=\"100%\" viewBox=\"0 0 600 28\" preserveAspectRatio=\"none\"><g clip-path=\"url(#a)\"><mask id=\"b\" style=\"mask-type:luminance\" maskUnits=\"userSpaceOnUse\" x=\"0\" y=\"0\" width=\"600\" height=\"28\"><path d=\"M0 0h600v28H0V0Z\" fill=\"#fff\"\/><\/mask><g filter=\"url(#c)\" mask=\"url(#b)\"><path d=\"M16.439-18.667h567.123v30.8S438.961-8.4 300-8.4C161.04-8.4 16.438 12.133 16.438 12.133v-30.8Z\" fill=\"#000\"\/><\/g><\/g><defs><clipPath id=\"a\"><path fill=\"#fff\" d=\"M0 0h600v28H0z\"\/><\/clipPath><filter id=\"c\" x=\"5.438\" y=\"-29.667\" width=\"589.123\" height=\"52.8\" filterUnits=\"userSpaceOnUse\" color-interpolation-filters=\"sRGB\"><feFlood flood-opacity=\"0\" result=\"BackgroundImageFix\"\/><feBlend in=\"SourceGraphic\" in2=\"BackgroundImageFix\" result=\"shape\"\/><feGaussianBlur stdDeviation=\"5.5\" result=\"effect1_foregroundBlur_3983_183\"\/><\/filter><\/defs><\/svg><\/div><\/div><div class=\"fusion-clearfix\"><\/div><\/div><\/div><\/div><\/div><\/p>","protected":false},"excerpt":{"rendered":"","protected":false},"author":1,"featured_media":0,"parent":0,"menu_order":0,"comment_status":"open","ping_status":"closed","template":"","meta":{"footnotes":""},"class_list":["post-37","page","type-page","status-publish","hentry"],"yoast_head":"<!-- This site is optimized with the Yoast SEO plugin v24.4 - https:\/\/yoast.com\/wordpress\/plugins\/seo\/ -->\n<title>Agromolinillo Fruta Fresca Calendario<\/title>\n<meta name=\"description\" content=\"Agromolinillo Fruta Fresca Calendario\" \/>\n<meta name=\"robots\" content=\"index, follow, max-snippet:-1, max-image-preview:large, max-video-preview:-1\" \/>\n<link rel=\"canonical\" href=\"https:\/\/agromolinillo.es\/de\/calendario\/\" \/>\n<meta property=\"og:locale\" content=\"de_DE\" \/>\n<meta property=\"og:type\" content=\"article\" \/>\n<meta property=\"og:title\" content=\"Agromolinillo Fruta Fresca Calendario\" \/>\n<meta property=\"og:description\" content=\"Agromolinillo Fruta Fresca Calendario\" \/>\n<meta property=\"og:url\" content=\"https:\/\/agromolinillo.es\/de\/calendario\/\" \/>\n<meta property=\"og:site_name\" content=\"Agromolinillo\" \/>\n<meta property=\"article:publisher\" content=\"https:\/\/www.facebook.com\/agromolinillo\/?fref=ts\" \/>\n<meta property=\"article:modified_time\" content=\"2018-10-19T08:31:46+00:00\" \/>\n<meta property=\"og:image\" content=\"https:\/\/agromolinillo.es\/\/wp-content\/uploads\/2014\/02\/fresa.jpg\" \/>\n<meta name=\"twitter:label1\" content=\"Gesch\u00e4tzte Lesezeit\" \/>\n\t<meta name=\"twitter:data1\" content=\"15\u00a0Minuten\" \/>\n<script type=\"application\/ld+json\" class=\"yoast-schema-graph\">{\"@context\":\"https:\/\/schema.org\",\"@graph\":[{\"@type\":\"WebPage\",\"@id\":\"https:\/\/agromolinillo.es\/de\/calendario\/\",\"url\":\"https:\/\/agromolinillo.es\/de\/calendario\/\",\"name\":\"Agromolinillo Fruta Fresca Calendario\",\"isPartOf\":{\"@id\":\"https:\/\/agromolinillo.es\/de\/#website\"},\"primaryImageOfPage\":{\"@id\":\"https:\/\/agromolinillo.es\/de\/calendario\/#primaryimage\"},\"image\":{\"@id\":\"https:\/\/agromolinillo.es\/calendario\/#primaryimage\"},\"thumbnailUrl\":\"https:\/\/agromolinillo.es\/\/wp-content\/uploads\/2014\/02\/fresa.jpg\",\"datePublished\":\"2014-02-11T16:14:28+00:00\",\"dateModified\":\"2018-10-19T08:31:46+00:00\",\"description\":\"Agromolinillo Fruta Fresca Calendario\",\"breadcrumb\":{\"@id\":\"https:\/\/agromolinillo.es\/de\/calendario\/#breadcrumb\"},\"inLanguage\":\"de\",\"potentialAction\":[{\"@type\":\"ReadAction\",\"target\":[[\"https:\/\/agromolinillo.es\/de\/calendario\/\"]]}]},{\"@type\":\"ImageObject\",\"inLanguage\":\"de\",\"@id\":\"https:\/\/agromolinillo.es\/de\/calendario\/#primaryimage\",\"url\":\"https:\/\/agromolinillo.es\/\/wp-content\/uploads\/2014\/02\/fresa.jpg\",\"contentUrl\":\"https:\/\/agromolinillo.es\/\/wp-content\/uploads\/2014\/02\/fresa.jpg\"},{\"@type\":\"BreadcrumbList\",\"@id\":\"https:\/\/agromolinillo.es\/de\/calendario\/#breadcrumb\",\"itemListElement\":[{\"@type\":\"ListItem\",\"position\":1,\"name\":\"Portada\",\"item\":\"https:\/\/agromolinillo.es\/de\/\"},{\"@type\":\"ListItem\",\"position\":2,\"name\":\"Fruta Fresca\"}]},{\"@type\":\"WebSite\",\"@id\":\"https:\/\/agromolinillo.es\/de\/#website\",\"url\":\"https:\/\/agromolinillo.es\/de\/\",\"name\":\"Agromolinillo\",\"description\":\"Agromolinillo - Moguer\",\"publisher\":{\"@id\":\"https:\/\/agromolinillo.es\/de\/#organization\"},\"potentialAction\":[{\"@type\":\"SearchAction\",\"target\":{\"@type\":\"EntryPoint\",\"urlTemplate\":\"https:\/\/agromolinillo.es\/de\/?s={search_term_string}\"},\"query-input\":{\"@type\":\"PropertyValueSpecification\",\"valueRequired\":true,\"valueName\":\"search_term_string\"}}],\"inLanguage\":\"de\"},{\"@type\":\"Organization\",\"@id\":\"https:\/\/agromolinillo.es\/de\/#organization\",\"name\":\"Agromolinillo\",\"url\":\"https:\/\/agromolinillo.es\/de\/\",\"logo\":{\"@type\":\"ImageObject\",\"inLanguage\":\"de\",\"@id\":\"https:\/\/agromolinillo.es\/de\/#\/schema\/logo\/image\/\",\"url\":\"https:\/\/agromolinillo.es\/wp-content\/uploads\/2014\/02\/logo3.png\",\"contentUrl\":\"https:\/\/agromolinillo.es\/wp-content\/uploads\/2014\/02\/logo3.png\",\"width\":220,\"height\":84,\"caption\":\"Agromolinillo\"},\"image\":{\"@id\":\"https:\/\/agromolinillo.es\/de\/#\/schema\/logo\/image\/\"},\"sameAs\":[\"https:\/\/www.facebook.com\/agromolinillo\/?fref=ts\",\"https:\/\/www.instagram.com\/agromolinilloberries\/\",\"https:\/\/es.linkedin.com\/company\/agromolinillo\"]}]}<\/script>\n<!-- \/ Yoast SEO plugin. -->","yoast_head_json":{"title":"Agromolinillo Fruta Fresca Calendario","description":"Agromolinillo Fruta Fresca Calendario","robots":{"index":"index","follow":"follow","max-snippet":"max-snippet:-1","max-image-preview":"max-image-preview:large","max-video-preview":"max-video-preview:-1"},"canonical":"https:\/\/agromolinillo.es\/de\/calendario\/","og_locale":"de_DE","og_type":"article","og_title":"Agromolinillo Fruta Fresca Calendario","og_description":"Agromolinillo Fruta Fresca Calendario","og_url":"https:\/\/agromolinillo.es\/de\/calendario\/","og_site_name":"Agromolinillo","article_publisher":"https:\/\/www.facebook.com\/agromolinillo\/?fref=ts","article_modified_time":"2018-10-19T08:31:46+00:00","og_image":[{"url":"https:\/\/agromolinillo.es\/\/wp-content\/uploads\/2014\/02\/fresa.jpg","type":"","width":"","height":""}],"twitter_misc":{"Gesch\u00e4tzte Lesezeit":"15\u00a0Minuten"},"schema":{"@context":"https:\/\/schema.org","@graph":[{"@type":"WebPage","@id":"https:\/\/agromolinillo.es\/de\/calendario\/","url":"https:\/\/agromolinillo.es\/de\/calendario\/","name":"Agromolinillo Fruta Fresca Calendario","isPartOf":{"@id":"https:\/\/agromolinillo.es\/de\/#website"},"primaryImageOfPage":{"@id":"https:\/\/agromolinillo.es\/de\/calendario\/#primaryimage"},"image":{"@id":"https:\/\/agromolinillo.es\/calendario\/#primaryimage"},"thumbnailUrl":"https:\/\/agromolinillo.es\/\/wp-content\/uploads\/2014\/02\/fresa.jpg","datePublished":"2014-02-11T16:14:28+00:00","dateModified":"2018-10-19T08:31:46+00:00","description":"Agromolinillo Fruta Fresca Calendario","breadcrumb":{"@id":"https:\/\/agromolinillo.es\/de\/calendario\/#breadcrumb"},"inLanguage":"de","potentialAction":[{"@type":"ReadAction","target":[["https:\/\/agromolinillo.es\/de\/calendario\/"]]}]},{"@type":"ImageObject","inLanguage":"de","@id":"https:\/\/agromolinillo.es\/de\/calendario\/#primaryimage","url":"https:\/\/agromolinillo.es\/\/wp-content\/uploads\/2014\/02\/fresa.jpg","contentUrl":"https:\/\/agromolinillo.es\/\/wp-content\/uploads\/2014\/02\/fresa.jpg"},{"@type":"BreadcrumbList","@id":"https:\/\/agromolinillo.es\/de\/calendario\/#breadcrumb","itemListElement":[{"@type":"ListItem","position":1,"name":"Portada","item":"https:\/\/agromolinillo.es\/de\/"},{"@type":"ListItem","position":2,"name":"Fruta Fresca"}]},{"@type":"WebSite","@id":"https:\/\/agromolinillo.es\/de\/#website","url":"https:\/\/agromolinillo.es\/de\/","name":"Agromolinillo","description":"Agromolinillo - Moguer","publisher":{"@id":"https:\/\/agromolinillo.es\/de\/#organization"},"potentialAction":[{"@type":"SearchAction","target":{"@type":"EntryPoint","urlTemplate":"https:\/\/agromolinillo.es\/de\/?s={search_term_string}"},"query-input":{"@type":"PropertyValueSpecification","valueRequired":true,"valueName":"search_term_string"}}],"inLanguage":"de"},{"@type":"Organization","@id":"https:\/\/agromolinillo.es\/de\/#organization","name":"Agromolinillo","url":"https:\/\/agromolinillo.es\/de\/","logo":{"@type":"ImageObject","inLanguage":"de","@id":"https:\/\/agromolinillo.es\/de\/#\/schema\/logo\/image\/","url":"https:\/\/agromolinillo.es\/wp-content\/uploads\/2014\/02\/logo3.png","contentUrl":"https:\/\/agromolinillo.es\/wp-content\/uploads\/2014\/02\/logo3.png","width":220,"height":84,"caption":"Agromolinillo"},"image":{"@id":"https:\/\/agromolinillo.es\/de\/#\/schema\/logo\/image\/"},"sameAs":["https:\/\/www.facebook.com\/agromolinillo\/?fref=ts","https:\/\/www.instagram.com\/agromolinilloberries\/","https:\/\/es.linkedin.com\/company\/agromolinillo"]}]}},"_links":{"self":[{"href":"https:\/\/agromolinillo.es\/de\/wp-json\/wp\/v2\/pages\/37"}],"collection":[{"href":"https:\/\/agromolinillo.es\/de\/wp-json\/wp\/v2\/pages"}],"about":[{"href":"https:\/\/agromolinillo.es\/de\/wp-json\/wp\/v2\/types\/page"}],"author":[{"embeddable":true,"href":"https:\/\/agromolinillo.es\/de\/wp-json\/wp\/v2\/users\/1"}],"replies":[{"embeddable":true,"href":"https:\/\/agromolinillo.es\/de\/wp-json\/wp\/v2\/comments?post=37"}],"version-history":[{"count":47,"href":"https:\/\/agromolinillo.es\/de\/wp-json\/wp\/v2\/pages\/37\/revisions"}],"predecessor-version":[{"id":3485,"href":"https:\/\/agromolinillo.es\/de\/wp-json\/wp\/v2\/pages\/37\/revisions\/3485"}],"wp:attachment":[{"href":"https:\/\/agromolinillo.es\/de\/wp-json\/wp\/v2\/media?parent=37"}],"curies":[{"name":"wp","href":"https:\/\/api.w.org\/{rel}","templated":true}]}}