{"id":117,"date":"2014-02-18T12:14:06","date_gmt":"2014-02-18T12:14:06","guid":{"rendered":"http:\/\/localhost\/agromolinillos\/?page_id=117"},"modified":"2017-07-19T07:35:32","modified_gmt":"2017-07-19T07:35:32","slug":"nutricion","status":"publish","type":"page","link":"https:\/\/agromolinillo.es\/de\/nutricion\/","title":{"rendered":"ERN\u00c4HRUNG"},"content":{"rendered":"<p><\/p>\n<h1><strong><span style=\"color: #d5004c;\">ERN\u00c4HRUNG<\/span><\/strong><\/h1>\n<div class=\"fusion-layout-column fusion_builder_column fusion-builder-column-14 fusion_builder_column_1_1 1_1 fusion-one-full fusion-column-first fusion-column-last fusion-column-no-min-height\" style=\"--awb-bg-size:cover;--awb-margin-bottom:0px;\"><div class=\"fusion-column-wrapper fusion-flex-column-wrapper-legacy\"><div class=\"fusion-sep-clear\"><\/div><div class=\"fusion-separator fusion-full-width-sep\" style=\"margin-left: auto;margin-right: auto;margin-top:-20px;margin-bottom:40px;width:100%;\"><div class=\"fusion-separator-border sep-single sep-solid\" style=\"--awb-height:20px;--awb-amount:20px;--awb-sep-color:#d5004c;border-color:#d5004c;border-top-width:1px;\"><\/div><\/div><div class=\"fusion-sep-clear\"><\/div>\n<h2><strong>\u00a0<\/strong><\/h2>\n<div class=\"fusion-clearfix\"><\/div><\/div><\/div><div class=\"fusion-layout-column fusion_builder_column fusion-builder-column-15 fusion_builder_column_1_2 1_2 fusion-one-half fusion-column-first\" style=\"--awb-bg-size:cover;width:50%;width:calc(50% - ( ( 4% ) * 0.5 ) );margin-right: 4%;\"><div class=\"fusion-column-wrapper fusion-flex-column-wrapper-legacy\">\n<div class=\"fusion-slider-sc fusion-flexslider-loading flexslider flexslider-hover-type-none\" data-slideshow_autoplay=\"1\" data-slideshow_smooth_height=\"0\" data-slideshow_speed=\"7000\" style=\"max-width:100%;height:100%;\"><ul class=\"slides\">\n<li class=\"image\"><span class=\"fusion-image-hover-element hover-type-none\"><img decoding=\"async\" src=\"https:\/\/agromolinillo.es\/wp-content\/uploads\/2014\/02\/fresa-300x214.jpg\" width=\"300\" height=\"214\" \/><\/span><\/li>\n<li class=\"image\"><span class=\"fusion-image-hover-element hover-type-none\"><img decoding=\"async\" src=\"https:\/\/agromolinillo.es\/wp-content\/uploads\/2014\/10\/foto-home-op3.jpg\" width=\"500\" height=\"375\" \/><\/span><\/li>\n<li class=\"image\"><span class=\"fusion-image-hover-element hover-type-none\"><img decoding=\"async\" src=\"https:\/\/agromolinillo.es\/\/wp-content\/uploads\/2014\/03\/im9.jpg\" \/><\/span><\/li>\n<li class=\"image\"><span class=\"fusion-image-hover-element hover-type-none\"><img decoding=\"async\" src=\"https:\/\/agromolinillo.es\/\/wp-content\/uploads\/2014\/03\/im8.jpg\" \/><\/span><\/li>\n<li class=\"image\"><span class=\"fusion-image-hover-element hover-type-none\"><img decoding=\"async\" src=\"https:\/\/agromolinillo.es\/\/wp-content\/uploads\/2014\/03\/im2.jpg\" \/><\/span><\/li>\n<\/ul><\/div>\n<div class=\"fusion-clearfix\"><\/div><\/div><\/div>\n<div class=\"fusion-layout-column fusion_builder_column fusion-builder-column-16 fusion_builder_column_1_2 1_2 fusion-one-half fusion-column-last\" style=\"--awb-bg-size:cover;width:50%;width:calc(50% - ( ( 4% ) * 0.5 ) );\"><div class=\"fusion-column-wrapper fusion-flex-column-wrapper-legacy\">\n<h1><span style=\"color: #d5004c;\"><strong>ERDBEERE<\/strong><\/span><\/h1>\n<div class=\"one_half last\">\n<p><strong>Zu den positiven Eigenschaften k\u00f6nnen wir hervorheben:<\/strong><\/p>\n<ul>\n<li>Knochenwachstum, Gewebe- und Nervensystem bei Kindern.<\/li>\n<li>Probleme bei R\u00fcckstau von Fl\u00fcssigkeiten (Diuretikum).<\/li>\n<li>Bluthochdruck.<\/li>\n<li>Entgiftend und s\u00e4ubernd.<\/li>\n<li>Sinken.<\/li>\n<li>Stresssituationen.<\/li>\n<\/ul>\n<\/div>\n<div class=\"fusion-clearfix\"><\/div><\/div><\/div>\n<h2><strong>\u00a0<\/strong><\/h2>\n<div class=\"fusion-layout-column fusion_builder_column fusion-builder-column-17 fusion_builder_column_1_2 1_2 fusion-one-half fusion-column-first\" style=\"--awb-bg-size:cover;width:50%;width:calc(50% - ( ( 4% ) * 0.5 ) );margin-right: 4%;\"><div class=\"fusion-column-wrapper fusion-flex-column-wrapper-legacy\">\n<div class=\"fusion-slider-sc fusion-flexslider-loading flexslider flexslider-hover-type-none\" data-slideshow_autoplay=\"1\" data-slideshow_smooth_height=\"0\" data-slideshow_speed=\"7000\" style=\"max-width:100%;height:100%;\"><ul class=\"slides\">\n<li class=\"image\"><span class=\"fusion-image-hover-element hover-type-none\"><img decoding=\"async\" src=\"https:\/\/agromolinillo.es\/\/wp-content\/uploads\/2014\/02\/arandano.jpg\" \/><\/span><\/li>\n<li class=\"image\"><span class=\"fusion-image-hover-element hover-type-none\"><img decoding=\"async\" src=\"https:\/\/agromolinillo.es\/wp-content\/uploads\/2014\/10\/arandano_planta.jpg\" width=\"521\" height=\"372\" \/><\/span><\/li>\n<\/ul><\/div>\n<div class=\"fusion-clearfix\"><\/div><\/div><\/div>\n<div class=\"fusion-layout-column fusion_builder_column fusion-builder-column-18 fusion_builder_column_1_2 1_2 fusion-one-half fusion-column-last\" style=\"--awb-bg-size:cover;width:50%;width:calc(50% - ( ( 4% ) * 0.5 ) );\"><div class=\"fusion-column-wrapper fusion-flex-column-wrapper-legacy\">\n<h1><span style=\"color: #333399;\"><strong>BLAUBEERE<\/strong><\/span><\/h1>\n<div class=\"one_half last\">\n<p><strong>Zu den positiven Eigenschaften k\u00f6nnen wir hervorheben:<\/strong><\/p>\n<ul>\n<li>Antibiotikum Effekt, Antioxidationsmittel und entz\u00fcndungshemmend.<\/li>\n<li>Reich an Ballaststoffen und harntreibend.<\/li>\n<li>F\u00f6rdert die Durchblutung.<\/li>\n<li>Reich an Vitamin C.<\/li>\n<li>Pr\u00e4vention und Behandlung von Erkrankungen der Harnwege.<\/li>\n<li>Eigenschaften zur Vorbeugung vieler Augenkrankheiten.<\/li>\n<li>Die pharmazeutische Industrie verwendet sie als Komponenten von Antibiotika zur Behandlung von Diabetes.<\/li>\n<li>Hypokalorischen.<\/li>\n<\/ul>\n<\/div>\n<div class=\"fusion-clearfix\"><\/div><\/div><\/div>\n<div class=\"fusion-layout-column fusion_builder_column fusion-builder-column-19 fusion_builder_column_1_2 1_2 fusion-one-half fusion-column-first\" style=\"--awb-bg-size:cover;width:50%;width:calc(50% - ( ( 4% ) * 0.5 ) );margin-right: 4%;\"><div class=\"fusion-column-wrapper fusion-flex-column-wrapper-legacy\">\n<div class=\"fusion-slider-sc fusion-flexslider-loading flexslider flexslider-hover-type-none\" data-slideshow_autoplay=\"1\" data-slideshow_smooth_height=\"0\" data-slideshow_speed=\"7000\" style=\"max-width:100%;height:100%;\"><ul class=\"slides\">\n<li class=\"image\"><span class=\"fusion-image-hover-element hover-type-none\"><img decoding=\"async\" src=\"https:\/\/agromolinillo.es\/\/wp-content\/uploads\/2014\/04\/fruta-fresca_naranja21.jpg\" \/><\/span><\/li>\n<li class=\"image\"><span class=\"fusion-image-hover-element hover-type-none\"><img decoding=\"async\" src=\"https:\/\/agromolinillo.es\/\/wp-content\/uploads\/2014\/04\/fruta-fresca_naranja1.jpg\" \/><\/span><\/li>\n<li class=\"image\"><span class=\"fusion-image-hover-element hover-type-none\"><img decoding=\"async\" src=\"https:\/\/agromolinillo.es\/\/wp-content\/uploads\/2014\/04\/fruta-fresca_naranja31.jpg\" \/><\/span><\/li>\n<\/ul><\/div>\n<div class=\"fusion-clearfix\"><\/div><\/div><\/div>\n<div class=\"fusion-layout-column fusion_builder_column fusion-builder-column-20 fusion_builder_column_1_2 1_2 fusion-one-half fusion-column-last\" style=\"--awb-bg-size:cover;width:50%;width:calc(50% - ( ( 4% ) * 0.5 ) );\"><div class=\"fusion-column-wrapper fusion-flex-column-wrapper-legacy\">\n<h1><span style=\"color: #ff6600;\"><strong>CLEMENTINE<\/strong><\/span><\/h1>\n<div class=\"one_half last\">\n<p><strong>Zu den positiven Eigenschaften k\u00f6nnen wir hervorheben:<\/strong><\/p>\n<ul>\n<li>Probleme bei R\u00fcckstau von Fl\u00fcssigkeiten (Diuretikum).<\/li>\n<li>Stress.<\/li>\n<li>Cholesterin.<\/li>\n<li>Eisenmangelan\u00e4mie.<\/li>\n<li>Entgiftung und Reinigung.<\/li>\n<li>Darmpassage.<\/li>\n<li>Gicht, Arthritis, Rheuma. Harns\u00e4ure.<\/li>\n<li>Immunsystems: Die Mandarinen st\u00e4rken die Senkung der Abwehrkr\u00e4fte, die Erzeugung von Rot und Wei\u00df Blutk\u00f6rper. Resistenz gegen\u00fcber Infektionen.<\/li>\n<li>Herz-Kreislauf-Probleme, \u00a0Blut Verd\u00fcnner.<\/li>\n<li>Husten, Erk\u00e4ltungen, Schnupfen.<\/li>\n<li>\u00dcbergewichts Probleme.<\/li>\n<li>Gute Bildung des F\u00f6tus w\u00e4hrend der Schwangerschaft.<\/li>\n<li>Empfehlenswert der\u00a0 Konsum w\u00e4hrend der Schwangerschaft und Stillzeit Periode.<\/li>\n<li>Mandarinen haben antiseptische Eigenschaften der Harnwege und des Verdauungstraktes.<\/li>\n<li>Entz\u00fcndungshemmende, antiallergische.<\/li>\n<li>Remineralisierende, Vision, Haare, N\u00e4gel.<\/li>\n<li>Kollagen, Knochen, Z\u00e4hnen.<\/li>\n<\/ul>\n<\/div>\n<div class=\"fusion-clearfix\"><\/div><\/div><\/div><\/div><\/div><\/p>","protected":false},"excerpt":{"rendered":"<p>Leider ist der Eintrag nur auf Espa\u00f1ol verf\u00fcgbar.<\/p>\n","protected":false},"author":1,"featured_media":0,"parent":0,"menu_order":0,"comment_status":"open","ping_status":"open","template":"","meta":{"footnotes":""},"class_list":["post-117","page","type-page","status-publish","hentry"],"yoast_head":"<!-- This site is optimized with the Yoast SEO plugin v24.4 - https:\/\/yoast.com\/wordpress\/plugins\/seo\/ -->\n<title>Nutrici\u00f3n<\/title>\n<meta name=\"description\" content=\"Nutrici\u00f3n\" \/>\n<meta name=\"robots\" content=\"index, follow, max-snippet:-1, max-image-preview:large, max-video-preview:-1\" \/>\n<link rel=\"canonical\" href=\"https:\/\/agromolinillo.es\/de\/nutricion\/\" \/>\n<meta property=\"og:locale\" content=\"de_DE\" \/>\n<meta property=\"og:type\" content=\"article\" \/>\n<meta property=\"og:title\" content=\"Nutrici\u00f3n\" \/>\n<meta property=\"og:description\" content=\"Nutrici\u00f3n\" \/>\n<meta property=\"og:url\" content=\"https:\/\/agromolinillo.es\/de\/nutricion\/\" \/>\n<meta property=\"og:site_name\" content=\"Agromolinillo\" \/>\n<meta property=\"article:publisher\" content=\"https:\/\/www.facebook.com\/agromolinillo\/?fref=ts\" \/>\n<meta property=\"article:modified_time\" content=\"2017-07-19T07:35:32+00:00\" \/>\n<meta property=\"og:image\" content=\"https:\/\/agromolinillo.es\/wp-content\/uploads\/2014\/02\/AGM-MARCA.jpg\" \/>\n\t<meta property=\"og:image:width\" content=\"472\" \/>\n\t<meta property=\"og:image:height\" content=\"472\" \/>\n\t<meta property=\"og:image:type\" content=\"image\/jpeg\" \/>\n<meta name=\"twitter:label1\" content=\"Gesch\u00e4tzte Lesezeit\" \/>\n\t<meta name=\"twitter:data1\" content=\"8\u00a0Minuten\" \/>\n<script type=\"application\/ld+json\" class=\"yoast-schema-graph\">{\"@context\":\"https:\/\/schema.org\",\"@graph\":[{\"@type\":\"WebPage\",\"@id\":\"https:\/\/agromolinillo.es\/de\/nutricion\/\",\"url\":\"https:\/\/agromolinillo.es\/de\/nutricion\/\",\"name\":\"Nutrici\u00f3n\",\"isPartOf\":{\"@id\":\"https:\/\/agromolinillo.es\/de\/#website\"},\"datePublished\":\"2014-02-18T12:14:06+00:00\",\"dateModified\":\"2017-07-19T07:35:32+00:00\",\"description\":\"Nutrici\u00f3n\",\"breadcrumb\":{\"@id\":\"https:\/\/agromolinillo.es\/de\/nutricion\/#breadcrumb\"},\"inLanguage\":\"de\",\"potentialAction\":[{\"@type\":\"ReadAction\",\"target\":[[\"https:\/\/agromolinillo.es\/de\/nutricion\/\"]]}]},{\"@type\":\"BreadcrumbList\",\"@id\":\"https:\/\/agromolinillo.es\/de\/nutricion\/#breadcrumb\",\"itemListElement\":[{\"@type\":\"ListItem\",\"position\":1,\"name\":\"Portada\",\"item\":\"https:\/\/agromolinillo.es\/de\/\"},{\"@type\":\"ListItem\",\"position\":2,\"name\":\"Nutrici\u00f3n\"}]},{\"@type\":\"WebSite\",\"@id\":\"https:\/\/agromolinillo.es\/de\/#website\",\"url\":\"https:\/\/agromolinillo.es\/de\/\",\"name\":\"Agromolinillo\",\"description\":\"Agromolinillo - Moguer\",\"publisher\":{\"@id\":\"https:\/\/agromolinillo.es\/de\/#organization\"},\"potentialAction\":[{\"@type\":\"SearchAction\",\"target\":{\"@type\":\"EntryPoint\",\"urlTemplate\":\"https:\/\/agromolinillo.es\/de\/?s={search_term_string}\"},\"query-input\":{\"@type\":\"PropertyValueSpecification\",\"valueRequired\":true,\"valueName\":\"search_term_string\"}}],\"inLanguage\":\"de\"},{\"@type\":\"Organization\",\"@id\":\"https:\/\/agromolinillo.es\/de\/#organization\",\"name\":\"Agromolinillo\",\"url\":\"https:\/\/agromolinillo.es\/de\/\",\"logo\":{\"@type\":\"ImageObject\",\"inLanguage\":\"de\",\"@id\":\"https:\/\/agromolinillo.es\/de\/#\/schema\/logo\/image\/\",\"url\":\"https:\/\/agromolinillo.es\/wp-content\/uploads\/2014\/02\/logo3.png\",\"contentUrl\":\"https:\/\/agromolinillo.es\/wp-content\/uploads\/2014\/02\/logo3.png\",\"width\":220,\"height\":84,\"caption\":\"Agromolinillo\"},\"image\":{\"@id\":\"https:\/\/agromolinillo.es\/de\/#\/schema\/logo\/image\/\"},\"sameAs\":[\"https:\/\/www.facebook.com\/agromolinillo\/?fref=ts\",\"https:\/\/www.instagram.com\/agromolinilloberries\/\",\"https:\/\/es.linkedin.com\/company\/agromolinillo\"]}]}<\/script>\n<!-- \/ Yoast SEO plugin. -->","yoast_head_json":{"title":"Nutrici\u00f3n","description":"Nutrici\u00f3n","robots":{"index":"index","follow":"follow","max-snippet":"max-snippet:-1","max-image-preview":"max-image-preview:large","max-video-preview":"max-video-preview:-1"},"canonical":"https:\/\/agromolinillo.es\/de\/nutricion\/","og_locale":"de_DE","og_type":"article","og_title":"Nutrici\u00f3n","og_description":"Nutrici\u00f3n","og_url":"https:\/\/agromolinillo.es\/de\/nutricion\/","og_site_name":"Agromolinillo","article_publisher":"https:\/\/www.facebook.com\/agromolinillo\/?fref=ts","article_modified_time":"2017-07-19T07:35:32+00:00","og_image":[{"width":472,"height":472,"url":"https:\/\/agromolinillo.es\/wp-content\/uploads\/2014\/02\/AGM-MARCA.jpg","type":"image\/jpeg"}],"twitter_misc":{"Gesch\u00e4tzte Lesezeit":"8\u00a0Minuten"},"schema":{"@context":"https:\/\/schema.org","@graph":[{"@type":"WebPage","@id":"https:\/\/agromolinillo.es\/de\/nutricion\/","url":"https:\/\/agromolinillo.es\/de\/nutricion\/","name":"Nutrici\u00f3n","isPartOf":{"@id":"https:\/\/agromolinillo.es\/de\/#website"},"datePublished":"2014-02-18T12:14:06+00:00","dateModified":"2017-07-19T07:35:32+00:00","description":"Nutrici\u00f3n","breadcrumb":{"@id":"https:\/\/agromolinillo.es\/de\/nutricion\/#breadcrumb"},"inLanguage":"de","potentialAction":[{"@type":"ReadAction","target":[["https:\/\/agromolinillo.es\/de\/nutricion\/"]]}]},{"@type":"BreadcrumbList","@id":"https:\/\/agromolinillo.es\/de\/nutricion\/#breadcrumb","itemListElement":[{"@type":"ListItem","position":1,"name":"Portada","item":"https:\/\/agromolinillo.es\/de\/"},{"@type":"ListItem","position":2,"name":"Nutrici\u00f3n"}]},{"@type":"WebSite","@id":"https:\/\/agromolinillo.es\/de\/#website","url":"https:\/\/agromolinillo.es\/de\/","name":"Agromolinillo","description":"Agromolinillo - Moguer","publisher":{"@id":"https:\/\/agromolinillo.es\/de\/#organization"},"potentialAction":[{"@type":"SearchAction","target":{"@type":"EntryPoint","urlTemplate":"https:\/\/agromolinillo.es\/de\/?s={search_term_string}"},"query-input":{"@type":"PropertyValueSpecification","valueRequired":true,"valueName":"search_term_string"}}],"inLanguage":"de"},{"@type":"Organization","@id":"https:\/\/agromolinillo.es\/de\/#organization","name":"Agromolinillo","url":"https:\/\/agromolinillo.es\/de\/","logo":{"@type":"ImageObject","inLanguage":"de","@id":"https:\/\/agromolinillo.es\/de\/#\/schema\/logo\/image\/","url":"https:\/\/agromolinillo.es\/wp-content\/uploads\/2014\/02\/logo3.png","contentUrl":"https:\/\/agromolinillo.es\/wp-content\/uploads\/2014\/02\/logo3.png","width":220,"height":84,"caption":"Agromolinillo"},"image":{"@id":"https:\/\/agromolinillo.es\/de\/#\/schema\/logo\/image\/"},"sameAs":["https:\/\/www.facebook.com\/agromolinillo\/?fref=ts","https:\/\/www.instagram.com\/agromolinilloberries\/","https:\/\/es.linkedin.com\/company\/agromolinillo"]}]}},"_links":{"self":[{"href":"https:\/\/agromolinillo.es\/de\/wp-json\/wp\/v2\/pages\/117"}],"collection":[{"href":"https:\/\/agromolinillo.es\/de\/wp-json\/wp\/v2\/pages"}],"about":[{"href":"https:\/\/agromolinillo.es\/de\/wp-json\/wp\/v2\/types\/page"}],"author":[{"embeddable":true,"href":"https:\/\/agromolinillo.es\/de\/wp-json\/wp\/v2\/users\/1"}],"replies":[{"embeddable":true,"href":"https:\/\/agromolinillo.es\/de\/wp-json\/wp\/v2\/comments?post=117"}],"version-history":[{"count":22,"href":"https:\/\/agromolinillo.es\/de\/wp-json\/wp\/v2\/pages\/117\/revisions"}],"predecessor-version":[{"id":2904,"href":"https:\/\/agromolinillo.es\/de\/wp-json\/wp\/v2\/pages\/117\/revisions\/2904"}],"wp:attachment":[{"href":"https:\/\/agromolinillo.es\/de\/wp-json\/wp\/v2\/media?parent=117"}],"curies":[{"name":"wp","href":"https:\/\/api.w.org\/{rel}","templated":true}]}}