{"id":113,"date":"2014-02-18T12:13:37","date_gmt":"2014-02-18T12:13:37","guid":{"rendered":"http:\/\/localhost\/agromolinillos\/?page_id=113"},"modified":"2019-10-29T13:29:15","modified_gmt":"2019-10-29T12:29:15","slug":"sostenibilidad","status":"publish","type":"page","link":"https:\/\/agromolinillo.es\/de\/sostenibilidad\/","title":{"rendered":"Nachhaltigkeit"},"content":{"rendered":"<p><div class=\"fusion-fullwidth fullwidth-box fusion-builder-row-3 hundred-percent-fullwidth non-hundred-percent-height-scrolling\" style=\"--awb-border-radius-top-left:0px;--awb-border-radius-top-right:0px;--awb-border-radius-bottom-right:0px;--awb-border-radius-bottom-left:0px;--awb-overflow:visible;--awb-flex-wrap:wrap;\" ><div class=\"fusion-builder-row fusion-row\"><div class=\"fusion-layout-column fusion_builder_column fusion-builder-column-6 fusion_builder_column_1_1 1_1 fusion-one-full fusion-column-first fusion-column-last fusion-column-no-min-height\" style=\"--awb-bg-size:cover;--awb-margin-bottom:0px;\"><div class=\"fusion-column-wrapper fusion-flex-column-wrapper-legacy\"><div class=\"fusion-content-boxes content-boxes columns row fusion-columns-1 fusion-columns-total-1 fusion-content-boxes-3 content-boxes-icon-boxed content-left\" style=\"--awb-hover-accent-color:#f05858;--awb-circle-hover-accent-color:#f05858;--awb-item-margin-bottom:40px;\" data-animationOffset=\"top-into-view\"><div style=\"--awb-backgroundcolor:#d4004c;--awb-iconcolor:#d4004c;\" class=\"fusion-column content-box-column content-box-column content-box-column-1 col-lg-12 col-md-12 col-sm-12 fusion-content-box-hover content-box-column-last content-box-column-last-in-row\"><div class=\"col content-box-wrapper content-wrapper-background content-wrapper-boxed link-area-link-icon icon-hover-animation-fade\" data-animationOffset=\"top-into-view\"><div class=\"heading heading-with-icon icon-left\"><div class=\"icon\"><i style=\"border-color:#d4004c;border-width:1px;background-color:#ffffff;box-sizing:content-box;height:42px;width:42px;line-height:42px;top:-71px;margin-left:-21px;border-radius:50%;font-size:21px;\" aria-hidden=\"true\" class=\"fontawesome-icon fa fa-globe circle-yes\"><\/i><\/div><\/div><div class=\"fusion-clearfix\"><\/div><div class=\"content-container\">\n<h1><span style=\"color: #ffffff;\">NACHHALTIGKEIT<\/span><\/h1>\n<\/div><\/div><\/div><div class=\"fusion-clearfix\"><\/div><\/div><div class=\"fusion-clearfix\"><\/div><\/div><\/div><div class=\"fusion-layout-column fusion_builder_column fusion-builder-column-7 fusion_builder_column_1_2 1_2 fusion-one-half fusion-column-first\" style=\"--awb-bg-size:cover;width:50%;width:calc(50% - ( ( 4% ) * 0.5 ) );margin-right: 4%;\"><div class=\"fusion-column-wrapper fusion-flex-column-wrapper-legacy\"><div class=\"fusion-image-element fusion-image-align-center in-legacy-container\" style=\"text-align:center;--awb-caption-title-font-family:var(--h2_typography-font-family);--awb-caption-title-font-weight:var(--h2_typography-font-weight);--awb-caption-title-font-style:var(--h2_typography-font-style);--awb-caption-title-size:var(--h2_typography-font-size);--awb-caption-title-transform:var(--h2_typography-text-transform);--awb-caption-title-line-height:var(--h2_typography-line-height);--awb-caption-title-letter-spacing:var(--h2_typography-letter-spacing);\"><div class=\"imageframe-align-center\"><span class=\" fusion-imageframe imageframe-none imageframe-3 hover-type-none\"><img decoding=\"async\" width=\"421\" height=\"625\" title=\"pajaro-fresa\" src=\"https:\/\/agromolinillo.es\/wp-content\/uploads\/2014\/02\/pajaro-fresa.jpg\" alt class=\"img-responsive wp-image-3276\" srcset=\"https:\/\/agromolinillo.es\/wp-content\/uploads\/2014\/02\/pajaro-fresa-200x297.jpg 200w, https:\/\/agromolinillo.es\/wp-content\/uploads\/2014\/02\/pajaro-fresa-400x594.jpg 400w, https:\/\/agromolinillo.es\/wp-content\/uploads\/2014\/02\/pajaro-fresa.jpg 421w\" sizes=\"(max-width: 800px) 100vw, 421px\" \/><\/span><\/div><\/div><div class=\"fusion-clearfix\"><\/div><\/div><\/div><div class=\"fusion-layout-column fusion_builder_column fusion-builder-column-8 fusion_builder_column_1_2 1_2 fusion-one-half fusion-column-last\" style=\"--awb-bg-size:cover;width:50%;width:calc(50% - ( ( 4% ) * 0.5 ) );\"><div class=\"fusion-column-wrapper fusion-flex-column-wrapper-legacy\"><div class=\"fusion-text fusion-text-3\"><p>Die grundlegenden Ressourcen von denen die Landwirtschaft abh\u00e4ngt, befriedigt die menschlicher Grundbed\u00fcrfnisse nach Nahrung und Ballaststoffe, ist wirtschaftlich und verbessert die Lebensqualit\u00e4t des Herstellers und der gesamten Gesellschaft.<\/p>\n<p>Eine nachhaltige Bewirtschaftung der Agrar\u00f6kosysteme durch eine ausgewogene Mischung von Technologien, Strategien und Aktivit\u00e4ten auf der Grundlage wirtschaftlicher Grunds\u00e4tze und \u00f6kologischen Gesichtspunkten , zur Erhaltung oder Steigerung der landwirtschaftlichen Produktionsniveaus notwendig, um den wachsenden Bed\u00fcrfnissen und Bestrebungen der wachsenden Weltbev\u00f6lkerung ist notwendig ohne die Zerst\u00f6rung der Umwelt.<\/p>\n<p>Die Erhaltung der produktiven Ressourcen und der Umwelt sind die zwei grundlegenden Anforderungen der \u00f6kologischen Aspekte unseres Gesch\u00e4fts.<\/p>\n<p>&nbsp;<\/p>\n<\/div><div class=\"fusion-clearfix\"><\/div><\/div><\/div><\/div><\/div><\/p>","protected":false},"excerpt":{"rendered":"","protected":false},"author":1,"featured_media":0,"parent":0,"menu_order":0,"comment_status":"open","ping_status":"open","template":"","meta":{"footnotes":""},"class_list":["post-113","page","type-page","status-publish","hentry"],"yoast_head":"<!-- This site is optimized with the Yoast SEO plugin v24.4 - https:\/\/yoast.com\/wordpress\/plugins\/seo\/ -->\n<title>Sostenibilidad<\/title>\n<meta name=\"description\" content=\"Sostenibilidad\" \/>\n<meta name=\"robots\" content=\"index, follow, max-snippet:-1, max-image-preview:large, max-video-preview:-1\" \/>\n<link rel=\"canonical\" href=\"https:\/\/agromolinillo.es\/de\/sostenibilidad\/\" \/>\n<meta property=\"og:locale\" content=\"de_DE\" \/>\n<meta property=\"og:type\" content=\"article\" \/>\n<meta property=\"og:title\" content=\"Sostenibilidad\" \/>\n<meta property=\"og:description\" content=\"Sostenibilidad\" \/>\n<meta property=\"og:url\" content=\"https:\/\/agromolinillo.es\/de\/sostenibilidad\/\" \/>\n<meta property=\"og:site_name\" content=\"Agromolinillo\" \/>\n<meta property=\"article:publisher\" content=\"https:\/\/www.facebook.com\/agromolinillo\/?fref=ts\" \/>\n<meta property=\"article:modified_time\" content=\"2019-10-29T12:29:15+00:00\" \/>\n<meta property=\"og:image\" content=\"https:\/\/agromolinillo.es\/wp-content\/uploads\/2014\/02\/AGM-MARCA.jpg\" \/>\n\t<meta property=\"og:image:width\" content=\"472\" \/>\n\t<meta property=\"og:image:height\" content=\"472\" \/>\n\t<meta property=\"og:image:type\" content=\"image\/jpeg\" \/>\n<meta name=\"twitter:label1\" content=\"Gesch\u00e4tzte Lesezeit\" \/>\n\t<meta name=\"twitter:data1\" content=\"7\u00a0Minuten\" \/>\n<script type=\"application\/ld+json\" class=\"yoast-schema-graph\">{\"@context\":\"https:\/\/schema.org\",\"@graph\":[{\"@type\":\"WebPage\",\"@id\":\"https:\/\/agromolinillo.es\/de\/sostenibilidad\/\",\"url\":\"https:\/\/agromolinillo.es\/de\/sostenibilidad\/\",\"name\":\"Sostenibilidad\",\"isPartOf\":{\"@id\":\"https:\/\/agromolinillo.es\/de\/#website\"},\"datePublished\":\"2014-02-18T12:13:37+00:00\",\"dateModified\":\"2019-10-29T12:29:15+00:00\",\"description\":\"Sostenibilidad\",\"breadcrumb\":{\"@id\":\"https:\/\/agromolinillo.es\/de\/sostenibilidad\/#breadcrumb\"},\"inLanguage\":\"de\",\"potentialAction\":[{\"@type\":\"ReadAction\",\"target\":[[\"https:\/\/agromolinillo.es\/de\/sostenibilidad\/\"]]}]},{\"@type\":\"BreadcrumbList\",\"@id\":\"https:\/\/agromolinillo.es\/de\/sostenibilidad\/#breadcrumb\",\"itemListElement\":[{\"@type\":\"ListItem\",\"position\":1,\"name\":\"Portada\",\"item\":\"https:\/\/agromolinillo.es\/de\/\"},{\"@type\":\"ListItem\",\"position\":2,\"name\":\"Sostenibilidad\"}]},{\"@type\":\"WebSite\",\"@id\":\"https:\/\/agromolinillo.es\/de\/#website\",\"url\":\"https:\/\/agromolinillo.es\/de\/\",\"name\":\"Agromolinillo\",\"description\":\"Agromolinillo - Moguer\",\"publisher\":{\"@id\":\"https:\/\/agromolinillo.es\/de\/#organization\"},\"potentialAction\":[{\"@type\":\"SearchAction\",\"target\":{\"@type\":\"EntryPoint\",\"urlTemplate\":\"https:\/\/agromolinillo.es\/de\/?s={search_term_string}\"},\"query-input\":{\"@type\":\"PropertyValueSpecification\",\"valueRequired\":true,\"valueName\":\"search_term_string\"}}],\"inLanguage\":\"de\"},{\"@type\":\"Organization\",\"@id\":\"https:\/\/agromolinillo.es\/de\/#organization\",\"name\":\"Agromolinillo\",\"url\":\"https:\/\/agromolinillo.es\/de\/\",\"logo\":{\"@type\":\"ImageObject\",\"inLanguage\":\"de\",\"@id\":\"https:\/\/agromolinillo.es\/de\/#\/schema\/logo\/image\/\",\"url\":\"https:\/\/agromolinillo.es\/wp-content\/uploads\/2014\/02\/logo3.png\",\"contentUrl\":\"https:\/\/agromolinillo.es\/wp-content\/uploads\/2014\/02\/logo3.png\",\"width\":220,\"height\":84,\"caption\":\"Agromolinillo\"},\"image\":{\"@id\":\"https:\/\/agromolinillo.es\/de\/#\/schema\/logo\/image\/\"},\"sameAs\":[\"https:\/\/www.facebook.com\/agromolinillo\/?fref=ts\",\"https:\/\/www.instagram.com\/agromolinilloberries\/\",\"https:\/\/es.linkedin.com\/company\/agromolinillo\"]}]}<\/script>\n<!-- \/ Yoast SEO plugin. -->","yoast_head_json":{"title":"Sostenibilidad","description":"Sostenibilidad","robots":{"index":"index","follow":"follow","max-snippet":"max-snippet:-1","max-image-preview":"max-image-preview:large","max-video-preview":"max-video-preview:-1"},"canonical":"https:\/\/agromolinillo.es\/de\/sostenibilidad\/","og_locale":"de_DE","og_type":"article","og_title":"Sostenibilidad","og_description":"Sostenibilidad","og_url":"https:\/\/agromolinillo.es\/de\/sostenibilidad\/","og_site_name":"Agromolinillo","article_publisher":"https:\/\/www.facebook.com\/agromolinillo\/?fref=ts","article_modified_time":"2019-10-29T12:29:15+00:00","og_image":[{"width":472,"height":472,"url":"https:\/\/agromolinillo.es\/wp-content\/uploads\/2014\/02\/AGM-MARCA.jpg","type":"image\/jpeg"}],"twitter_misc":{"Gesch\u00e4tzte Lesezeit":"7\u00a0Minuten"},"schema":{"@context":"https:\/\/schema.org","@graph":[{"@type":"WebPage","@id":"https:\/\/agromolinillo.es\/de\/sostenibilidad\/","url":"https:\/\/agromolinillo.es\/de\/sostenibilidad\/","name":"Sostenibilidad","isPartOf":{"@id":"https:\/\/agromolinillo.es\/de\/#website"},"datePublished":"2014-02-18T12:13:37+00:00","dateModified":"2019-10-29T12:29:15+00:00","description":"Sostenibilidad","breadcrumb":{"@id":"https:\/\/agromolinillo.es\/de\/sostenibilidad\/#breadcrumb"},"inLanguage":"de","potentialAction":[{"@type":"ReadAction","target":[["https:\/\/agromolinillo.es\/de\/sostenibilidad\/"]]}]},{"@type":"BreadcrumbList","@id":"https:\/\/agromolinillo.es\/de\/sostenibilidad\/#breadcrumb","itemListElement":[{"@type":"ListItem","position":1,"name":"Portada","item":"https:\/\/agromolinillo.es\/de\/"},{"@type":"ListItem","position":2,"name":"Sostenibilidad"}]},{"@type":"WebSite","@id":"https:\/\/agromolinillo.es\/de\/#website","url":"https:\/\/agromolinillo.es\/de\/","name":"Agromolinillo","description":"Agromolinillo - Moguer","publisher":{"@id":"https:\/\/agromolinillo.es\/de\/#organization"},"potentialAction":[{"@type":"SearchAction","target":{"@type":"EntryPoint","urlTemplate":"https:\/\/agromolinillo.es\/de\/?s={search_term_string}"},"query-input":{"@type":"PropertyValueSpecification","valueRequired":true,"valueName":"search_term_string"}}],"inLanguage":"de"},{"@type":"Organization","@id":"https:\/\/agromolinillo.es\/de\/#organization","name":"Agromolinillo","url":"https:\/\/agromolinillo.es\/de\/","logo":{"@type":"ImageObject","inLanguage":"de","@id":"https:\/\/agromolinillo.es\/de\/#\/schema\/logo\/image\/","url":"https:\/\/agromolinillo.es\/wp-content\/uploads\/2014\/02\/logo3.png","contentUrl":"https:\/\/agromolinillo.es\/wp-content\/uploads\/2014\/02\/logo3.png","width":220,"height":84,"caption":"Agromolinillo"},"image":{"@id":"https:\/\/agromolinillo.es\/de\/#\/schema\/logo\/image\/"},"sameAs":["https:\/\/www.facebook.com\/agromolinillo\/?fref=ts","https:\/\/www.instagram.com\/agromolinilloberries\/","https:\/\/es.linkedin.com\/company\/agromolinillo"]}]}},"_links":{"self":[{"href":"https:\/\/agromolinillo.es\/de\/wp-json\/wp\/v2\/pages\/113"}],"collection":[{"href":"https:\/\/agromolinillo.es\/de\/wp-json\/wp\/v2\/pages"}],"about":[{"href":"https:\/\/agromolinillo.es\/de\/wp-json\/wp\/v2\/types\/page"}],"author":[{"embeddable":true,"href":"https:\/\/agromolinillo.es\/de\/wp-json\/wp\/v2\/users\/1"}],"replies":[{"embeddable":true,"href":"https:\/\/agromolinillo.es\/de\/wp-json\/wp\/v2\/comments?post=113"}],"version-history":[{"count":32,"href":"https:\/\/agromolinillo.es\/de\/wp-json\/wp\/v2\/pages\/113\/revisions"}],"predecessor-version":[{"id":3704,"href":"https:\/\/agromolinillo.es\/de\/wp-json\/wp\/v2\/pages\/113\/revisions\/3704"}],"wp:attachment":[{"href":"https:\/\/agromolinillo.es\/de\/wp-json\/wp\/v2\/media?parent=113"}],"curies":[{"name":"wp","href":"https:\/\/api.w.org\/{rel}","templated":true}]}}