{"id":111,"date":"2014-02-18T12:13:20","date_gmt":"2014-02-18T12:13:20","guid":{"rendered":"http:\/\/localhost\/agromolinillos\/?page_id=111"},"modified":"2019-10-29T12:27:01","modified_gmt":"2019-10-29T11:27:01","slug":"responsabilidad-social","status":"publish","type":"page","link":"https:\/\/agromolinillo.es\/de\/responsabilidad-social\/","title":{"rendered":"Soziale Verantwortung"},"content":{"rendered":"<p><\/p>\n<h2><div class=\"fusion-layout-column fusion_builder_column fusion-builder-column-11 fusion_builder_column_1_1 1_1 fusion-one-full fusion-column-first fusion-column-last fusion-column-no-min-height\" style=\"--awb-bg-size:cover;--awb-margin-bottom:0px;width:100%;\"><div class=\"fusion-column-wrapper fusion-flex-column-wrapper-legacy\"><div class=\"fusion-content-boxes content-boxes columns row fusion-columns-1 fusion-columns-total-1 fusion-content-boxes-3 content-boxes-icon-boxed content-\" style=\"--awb-hover-accent-color:#f05858;--awb-circle-hover-accent-color:#f05858;--awb-item-margin-bottom:40px;\" data-animationOffset=\"top-into-view\">\n<div style=\"--awb-backgroundcolor:#d4004c;--awb-iconcolor:#d4004c;\" class=\"fusion-column content-box-column content-box-column content-box-column-1 col-lg-12 col-md-12 col-sm-12 fusion-content-box-hover content-box-column-last content-box-column-last-in-row\"><div class=\"col content-box-wrapper content-wrapper-background content-wrapper-boxed link-area-link-icon icon-hover-animation-fade\" data-animationOffset=\"top-into-view\"><div class=\"heading heading-with-icon\"><div class=\"icon\"><i style=\"border-color:#cc092f;border-width:1px;background-color:#ffffff;box-sizing:content-box;height:42px;width:42px;line-height:42px;top:-71px;margin-left:-21px;border-radius:50%;font-size:21px;\" aria-hidden=\"true\" class=\"fontawesome-icon fa fa-users circle-yes\"><\/i><\/div><\/div><div class=\"fusion-clearfix\"><\/div><div class=\"content-container\"><span style=\"color: #ffffff;\">SOZIALE VERANTWORTUNG<\/span><\/div><\/div><\/div>\n<div class=\"fusion-clearfix\"><\/div><\/div><\/h2>\n<p><div class=\"fusion-clearfix\"><\/div><\/div><\/div><div class=\"fusion-layout-column fusion_builder_column fusion-builder-column-12 fusion_builder_column_1_3 1_3 fusion-one-third fusion-column-first\" style=\"--awb-bg-size:cover;width:30.6666%; margin-right: 4%;\"><div class=\"fusion-column-wrapper fusion-flex-column-wrapper-legacy\"><\/p>\n<div class=\"fusion-image-element fusion-image-align-center in-legacy-container\" style=\"text-align:center;--awb-caption-title-font-family:var(--h2_typography-font-family);--awb-caption-title-font-weight:var(--h2_typography-font-weight);--awb-caption-title-font-style:var(--h2_typography-font-style);--awb-caption-title-size:var(--h2_typography-font-size);--awb-caption-title-transform:var(--h2_typography-text-transform);--awb-caption-title-line-height:var(--h2_typography-line-height);--awb-caption-title-letter-spacing:var(--h2_typography-letter-spacing);\"><div class=\"imageframe-align-center\"><span class=\" fusion-imageframe imageframe-dropshadow imageframe-7 hover-type-none\" style=\"-webkit-box-shadow: 3px 3px 7px rgba(0,0,0,0.3);box-shadow: 3px 3px 7px rgba(0,0,0,0.3);\"><img decoding=\"async\" width=\"295\" height=\"300\" alt=\"CRUZ ROJA AGM2\" title=\"CRUZ ROJA AGM2\" src=\"https:\/\/agromolinillo.es\/wp-content\/uploads\/2014\/02\/CRUZ-ROJA-AGM2-295x300.jpg\" class=\"img-responsive wp-image-1260\" srcset=\"https:\/\/agromolinillo.es\/wp-content\/uploads\/2014\/02\/CRUZ-ROJA-AGM2-66x66.jpg 66w, https:\/\/agromolinillo.es\/wp-content\/uploads\/2014\/02\/CRUZ-ROJA-AGM2-295x300.jpg 295w, https:\/\/agromolinillo.es\/wp-content\/uploads\/2014\/02\/CRUZ-ROJA-AGM2.jpg 360w\" sizes=\"(max-width: 295px) 100vw, 295px\" \/><\/span><\/div><\/div>\n<p class=\"p1\">\n<p class=\"p1\"><strong><span class=\"s1\">ROTES KREUZ<\/span><\/strong><\/p>\n<p><strong>&#8222;Es ist sehr traurig wenig machen zu k\u00f6nnen, aber noch trauriger ist wenig zu tun und nichts zu tun.&#8220;<\/strong><\/p>\n<p>Unser Engagement f\u00fcr die Bed\u00fcrftigsten f\u00fchrt zu gro\u00dfen Abkommen mit Organisationen mit bekannten Namen wie das Roten Kreuz.<\/p>\n<p>F\u00fcr Agromolinillo ist der Abschluss von Vereinbarungen, die den am meisten benachteiligten beg\u00fcnstigen ein wichtiger Teil unserer gesellschaftlichen Verantwortung, zur Zeit sind wir\u00a0 in einem Projekt f\u00fcr die Einstellung von Arbeitslosen Menschen ohne Ressourcen, wirtschaftliche Partnerschaften, etc. engagiert &#8230;<\/p>\n<p><div class=\"fusion-clearfix\"><\/div><\/div><\/div><br \/>\n<div class=\"fusion-layout-column fusion_builder_column fusion-builder-column-13 fusion_builder_column_1_3 1_3 fusion-one-third\" style=\"--awb-bg-size:cover;width:30.6666%; margin-right: 4%;\"><div class=\"fusion-column-wrapper fusion-flex-column-wrapper-legacy\"><\/p>\n<div class=\"fusion-image-element fusion-image-align-center in-legacy-container\" style=\"text-align:center;--awb-caption-title-font-family:var(--h2_typography-font-family);--awb-caption-title-font-weight:var(--h2_typography-font-weight);--awb-caption-title-font-style:var(--h2_typography-font-style);--awb-caption-title-size:var(--h2_typography-font-size);--awb-caption-title-transform:var(--h2_typography-text-transform);--awb-caption-title-line-height:var(--h2_typography-line-height);--awb-caption-title-letter-spacing:var(--h2_typography-letter-spacing);\"><div class=\"imageframe-align-center\"><span class=\" fusion-imageframe imageframe-dropshadow imageframe-8 hover-type-none\" style=\"-webkit-box-shadow: 3px 3px 7px rgba(0,0,0,0.3);box-shadow: 3px 3px 7px rgba(0,0,0,0.3);\"><img decoding=\"async\" width=\"300\" height=\"225\" alt=\"granito de arroz ong\" title=\"granito de arroz ong\" src=\"https:\/\/agromolinillo.es\/wp-content\/uploads\/2014\/10\/granito-de-arroz-ong-300x225.jpeg\" class=\"img-responsive wp-image-1259\" srcset=\"https:\/\/agromolinillo.es\/wp-content\/uploads\/2014\/10\/granito-de-arroz-ong-300x225.jpeg 300w, https:\/\/agromolinillo.es\/wp-content\/uploads\/2014\/10\/granito-de-arroz-ong-1024x768.jpeg 1024w, https:\/\/agromolinillo.es\/wp-content\/uploads\/2014\/10\/granito-de-arroz-ong.jpeg 1280w\" sizes=\"(max-width: 300px) 100vw, 300px\" \/><\/span><\/div><\/div>\n<p class=\"p1\">\n<p class=\"p1\"><span class=\"s1\"><b>GRANITO DE ARROZ<\/b><\/span><\/p>\n<p><strong>Reiskorn &#8222;Warum das L\u00e4cheln eines Kindes, man nicht mit Geld kaufen kann&#8220;<\/strong><\/p>\n<p>Agromolinillo Reis arbeitet zusammen mit Granito de Arroz, ein selbst finanzierte gemeinn\u00fctzige Verein, der die am meisten Bed\u00fcrftigen helfen soll.<\/p>\n<p>Sie sammeln Spielzeug, Essen, Kleidung, Schulbedarf und M\u00f6bel; wenn sie eine Menge Material gesammelt haben, finanzieren Sie selbst einen Transport nach Afrika zur Verteilung unter der Bev\u00f6lkerung der am meisten Bed\u00fcrftigen.<\/p>\n<p><span class=\"s1\">\u00a0<a title=\"Video presentaci\u00f3n Granito de Arroz\" href=\"http:\/\/youtu.be\/JfdWXpWmbLk\">Granito de Arroz<\/a>, <\/span>ist nicht eine ONG zu bedienen. Es ist eine Gruppe von Freunden um eine Idee zu verwirklichen: Hilfe. Mit ein wenig von jedem, weil nach und nach viel Reiskorn zu Reiskorn\u2026<\/p>\n<p>In diesen Projekten haben wir ein wichtiges Abkommen mit von unserer Seite geringen Aufwand eine gro\u00dfe Illusion erreicht f\u00fcr sie.<\/p>\n<p><div class=\"fusion-clearfix\"><\/div><\/div><\/div><br \/>\n<div class=\"fusion-layout-column fusion_builder_column fusion-builder-column-14 fusion_builder_column_1_3 1_3 fusion-one-third fusion-column-last\" style=\"--awb-bg-size:cover;width:30.6666%;\"><div class=\"fusion-column-wrapper fusion-flex-column-wrapper-legacy\"><\/p>\n<div class=\"fusion-image-element fusion-image-align-center in-legacy-container\" style=\"text-align:center;--awb-caption-title-font-family:var(--h2_typography-font-family);--awb-caption-title-font-weight:var(--h2_typography-font-weight);--awb-caption-title-font-style:var(--h2_typography-font-style);--awb-caption-title-size:var(--h2_typography-font-size);--awb-caption-title-transform:var(--h2_typography-text-transform);--awb-caption-title-line-height:var(--h2_typography-line-height);--awb-caption-title-letter-spacing:var(--h2_typography-letter-spacing);\"><div class=\"imageframe-align-center\"><span class=\" fusion-imageframe imageframe-dropshadow imageframe-9 hover-type-none\" style=\"-webkit-box-shadow: 3px 3px 7px rgba(0,0,0,0.3);box-shadow: 3px 3px 7px rgba(0,0,0,0.3);\"><img decoding=\"async\" width=\"300\" height=\"225\" alt=\"cristo roto\" title=\"cristo roto\" src=\"https:\/\/agromolinillo.es\/wp-content\/uploads\/2014\/10\/cristo-roto-300x225.jpg\" class=\"img-responsive wp-image-1258\" srcset=\"https:\/\/agromolinillo.es\/wp-content\/uploads\/2014\/10\/cristo-roto-300x225.jpg 300w, https:\/\/agromolinillo.es\/wp-content\/uploads\/2014\/10\/cristo-roto.jpg 350w\" sizes=\"(max-width: 300px) 100vw, 300px\" \/><\/span><\/div><\/div>\n<p class=\"p3\" style=\"text-align: justify;\">\n<p class=\"p3\" style=\"text-align: justify;\"><span class=\"s1\"><b>CASA HOGAR \u201c EL CRISTO ROTO\u201d<\/b><\/span><\/p>\n<p><strong>Es reagiert auf die Nachfrage im Bereich der geistigen Behinderung.<\/strong><\/p>\n<p>Das Center <span class=\"s1\"><a title=\"Cristo Roto\" href=\"http:\/\/www.obrascristianas.org\/aoc\/index.php?option=com_content&amp;view=article&amp;id=8&amp;Itemid=8\">\u201cCasa-Hogar El Cristo Roto\u201d <\/a><\/span>ist ein Zentrum f\u00fcr Soziale Dienste Spezialisiert. Abh\u00e4ngig unter dem Verband von christlichen Werk was geboren wird um die Nachfrage im Bereich der geistigen Behinderung zu erf\u00fcllen.<\/p>\n<p>Agromolinillo ist pr\u00e4sent und bietet seine Hilfe an f\u00fcr Casa Hogar wie in vielen anderen auch in unserer Provinz.<\/p>\n<p><div class=\"fusion-clearfix\"><\/div><\/div><\/div>[\/fusion_builder_row][\/fusion_builder_container]<\/p>","protected":false},"excerpt":{"rendered":"<p>[\/fusion_builder_row][\/fusion_builder_container]<\/p>\n","protected":false},"author":1,"featured_media":0,"parent":0,"menu_order":0,"comment_status":"open","ping_status":"open","template":"","meta":{"footnotes":""},"class_list":["post-111","page","type-page","status-publish","hentry"],"yoast_head":"<!-- This site is optimized with the Yoast SEO plugin v24.4 - https:\/\/yoast.com\/wordpress\/plugins\/seo\/ -->\n<title>Responsabilidad Social<\/title>\n<meta name=\"description\" content=\"Responsabilidad Social\" \/>\n<meta name=\"robots\" content=\"index, follow, max-snippet:-1, max-image-preview:large, max-video-preview:-1\" \/>\n<link rel=\"canonical\" href=\"https:\/\/agromolinillo.es\/de\/responsabilidad-social\/\" \/>\n<meta property=\"og:locale\" content=\"de_DE\" \/>\n<meta property=\"og:type\" content=\"article\" \/>\n<meta property=\"og:title\" content=\"Responsabilidad Social\" \/>\n<meta property=\"og:description\" content=\"Responsabilidad Social\" \/>\n<meta property=\"og:url\" content=\"https:\/\/agromolinillo.es\/de\/responsabilidad-social\/\" \/>\n<meta property=\"og:site_name\" content=\"Agromolinillo\" \/>\n<meta property=\"article:publisher\" content=\"https:\/\/www.facebook.com\/agromolinillo\/?fref=ts\" \/>\n<meta property=\"article:modified_time\" content=\"2019-10-29T11:27:01+00:00\" \/>\n<meta property=\"og:image\" content=\"https:\/\/agromolinillo.es\/wp-content\/uploads\/2016\/04\/IMG_0620-1024x768.jpg\" \/>\n<meta name=\"twitter:label1\" content=\"Gesch\u00e4tzte Lesezeit\" \/>\n\t<meta name=\"twitter:data1\" content=\"9\u00a0Minuten\" \/>\n<script type=\"application\/ld+json\" class=\"yoast-schema-graph\">{\"@context\":\"https:\/\/schema.org\",\"@graph\":[{\"@type\":\"WebPage\",\"@id\":\"https:\/\/agromolinillo.es\/de\/responsabilidad-social\/\",\"url\":\"https:\/\/agromolinillo.es\/de\/responsabilidad-social\/\",\"name\":\"Responsabilidad Social\",\"isPartOf\":{\"@id\":\"https:\/\/agromolinillo.es\/de\/#website\"},\"primaryImageOfPage\":{\"@id\":\"https:\/\/agromolinillo.es\/de\/responsabilidad-social\/#primaryimage\"},\"image\":{\"@id\":\"https:\/\/agromolinillo.es\/en\/responsabilidad-social\/#primaryimage\"},\"thumbnailUrl\":\"https:\/\/agromolinillo.es\/wp-content\/uploads\/2016\/04\/IMG_0620-1024x768.jpg\",\"datePublished\":\"2014-02-18T12:13:20+00:00\",\"dateModified\":\"2019-10-29T11:27:01+00:00\",\"description\":\"Responsabilidad Social\",\"breadcrumb\":{\"@id\":\"https:\/\/agromolinillo.es\/de\/responsabilidad-social\/#breadcrumb\"},\"inLanguage\":\"de\",\"potentialAction\":[{\"@type\":\"ReadAction\",\"target\":[[\"https:\/\/agromolinillo.es\/de\/responsabilidad-social\/\"]]}]},{\"@type\":\"ImageObject\",\"inLanguage\":\"de\",\"@id\":\"https:\/\/agromolinillo.es\/de\/responsabilidad-social\/#primaryimage\",\"url\":\"https:\/\/agromolinillo.es\/wp-content\/uploads\/2016\/04\/IMG_0620-1024x768.jpg\",\"contentUrl\":\"https:\/\/agromolinillo.es\/wp-content\/uploads\/2016\/04\/IMG_0620-1024x768.jpg\"},{\"@type\":\"BreadcrumbList\",\"@id\":\"https:\/\/agromolinillo.es\/de\/responsabilidad-social\/#breadcrumb\",\"itemListElement\":[{\"@type\":\"ListItem\",\"position\":1,\"name\":\"Portada\",\"item\":\"https:\/\/agromolinillo.es\/de\/\"},{\"@type\":\"ListItem\",\"position\":2,\"name\":\"Social Responsibility\"}]},{\"@type\":\"WebSite\",\"@id\":\"https:\/\/agromolinillo.es\/de\/#website\",\"url\":\"https:\/\/agromolinillo.es\/de\/\",\"name\":\"Agromolinillo\",\"description\":\"Agromolinillo - Moguer\",\"publisher\":{\"@id\":\"https:\/\/agromolinillo.es\/de\/#organization\"},\"potentialAction\":[{\"@type\":\"SearchAction\",\"target\":{\"@type\":\"EntryPoint\",\"urlTemplate\":\"https:\/\/agromolinillo.es\/de\/?s={search_term_string}\"},\"query-input\":{\"@type\":\"PropertyValueSpecification\",\"valueRequired\":true,\"valueName\":\"search_term_string\"}}],\"inLanguage\":\"de\"},{\"@type\":\"Organization\",\"@id\":\"https:\/\/agromolinillo.es\/de\/#organization\",\"name\":\"Agromolinillo\",\"url\":\"https:\/\/agromolinillo.es\/de\/\",\"logo\":{\"@type\":\"ImageObject\",\"inLanguage\":\"de\",\"@id\":\"https:\/\/agromolinillo.es\/de\/#\/schema\/logo\/image\/\",\"url\":\"https:\/\/agromolinillo.es\/wp-content\/uploads\/2014\/02\/logo3.png\",\"contentUrl\":\"https:\/\/agromolinillo.es\/wp-content\/uploads\/2014\/02\/logo3.png\",\"width\":220,\"height\":84,\"caption\":\"Agromolinillo\"},\"image\":{\"@id\":\"https:\/\/agromolinillo.es\/de\/#\/schema\/logo\/image\/\"},\"sameAs\":[\"https:\/\/www.facebook.com\/agromolinillo\/?fref=ts\",\"https:\/\/www.instagram.com\/agromolinilloberries\/\",\"https:\/\/es.linkedin.com\/company\/agromolinillo\"]}]}<\/script>\n<!-- \/ Yoast SEO plugin. -->","yoast_head_json":{"title":"Responsabilidad Social","description":"Responsabilidad Social","robots":{"index":"index","follow":"follow","max-snippet":"max-snippet:-1","max-image-preview":"max-image-preview:large","max-video-preview":"max-video-preview:-1"},"canonical":"https:\/\/agromolinillo.es\/de\/responsabilidad-social\/","og_locale":"de_DE","og_type":"article","og_title":"Responsabilidad Social","og_description":"Responsabilidad Social","og_url":"https:\/\/agromolinillo.es\/de\/responsabilidad-social\/","og_site_name":"Agromolinillo","article_publisher":"https:\/\/www.facebook.com\/agromolinillo\/?fref=ts","article_modified_time":"2019-10-29T11:27:01+00:00","og_image":[{"url":"https:\/\/agromolinillo.es\/wp-content\/uploads\/2016\/04\/IMG_0620-1024x768.jpg","type":"","width":"","height":""}],"twitter_misc":{"Gesch\u00e4tzte Lesezeit":"9\u00a0Minuten"},"schema":{"@context":"https:\/\/schema.org","@graph":[{"@type":"WebPage","@id":"https:\/\/agromolinillo.es\/de\/responsabilidad-social\/","url":"https:\/\/agromolinillo.es\/de\/responsabilidad-social\/","name":"Responsabilidad Social","isPartOf":{"@id":"https:\/\/agromolinillo.es\/de\/#website"},"primaryImageOfPage":{"@id":"https:\/\/agromolinillo.es\/de\/responsabilidad-social\/#primaryimage"},"image":{"@id":"https:\/\/agromolinillo.es\/en\/responsabilidad-social\/#primaryimage"},"thumbnailUrl":"https:\/\/agromolinillo.es\/wp-content\/uploads\/2016\/04\/IMG_0620-1024x768.jpg","datePublished":"2014-02-18T12:13:20+00:00","dateModified":"2019-10-29T11:27:01+00:00","description":"Responsabilidad Social","breadcrumb":{"@id":"https:\/\/agromolinillo.es\/de\/responsabilidad-social\/#breadcrumb"},"inLanguage":"de","potentialAction":[{"@type":"ReadAction","target":[["https:\/\/agromolinillo.es\/de\/responsabilidad-social\/"]]}]},{"@type":"ImageObject","inLanguage":"de","@id":"https:\/\/agromolinillo.es\/de\/responsabilidad-social\/#primaryimage","url":"https:\/\/agromolinillo.es\/wp-content\/uploads\/2016\/04\/IMG_0620-1024x768.jpg","contentUrl":"https:\/\/agromolinillo.es\/wp-content\/uploads\/2016\/04\/IMG_0620-1024x768.jpg"},{"@type":"BreadcrumbList","@id":"https:\/\/agromolinillo.es\/de\/responsabilidad-social\/#breadcrumb","itemListElement":[{"@type":"ListItem","position":1,"name":"Portada","item":"https:\/\/agromolinillo.es\/de\/"},{"@type":"ListItem","position":2,"name":"Social Responsibility"}]},{"@type":"WebSite","@id":"https:\/\/agromolinillo.es\/de\/#website","url":"https:\/\/agromolinillo.es\/de\/","name":"Agromolinillo","description":"Agromolinillo - Moguer","publisher":{"@id":"https:\/\/agromolinillo.es\/de\/#organization"},"potentialAction":[{"@type":"SearchAction","target":{"@type":"EntryPoint","urlTemplate":"https:\/\/agromolinillo.es\/de\/?s={search_term_string}"},"query-input":{"@type":"PropertyValueSpecification","valueRequired":true,"valueName":"search_term_string"}}],"inLanguage":"de"},{"@type":"Organization","@id":"https:\/\/agromolinillo.es\/de\/#organization","name":"Agromolinillo","url":"https:\/\/agromolinillo.es\/de\/","logo":{"@type":"ImageObject","inLanguage":"de","@id":"https:\/\/agromolinillo.es\/de\/#\/schema\/logo\/image\/","url":"https:\/\/agromolinillo.es\/wp-content\/uploads\/2014\/02\/logo3.png","contentUrl":"https:\/\/agromolinillo.es\/wp-content\/uploads\/2014\/02\/logo3.png","width":220,"height":84,"caption":"Agromolinillo"},"image":{"@id":"https:\/\/agromolinillo.es\/de\/#\/schema\/logo\/image\/"},"sameAs":["https:\/\/www.facebook.com\/agromolinillo\/?fref=ts","https:\/\/www.instagram.com\/agromolinilloberries\/","https:\/\/es.linkedin.com\/company\/agromolinillo"]}]}},"_links":{"self":[{"href":"https:\/\/agromolinillo.es\/de\/wp-json\/wp\/v2\/pages\/111"}],"collection":[{"href":"https:\/\/agromolinillo.es\/de\/wp-json\/wp\/v2\/pages"}],"about":[{"href":"https:\/\/agromolinillo.es\/de\/wp-json\/wp\/v2\/types\/page"}],"author":[{"embeddable":true,"href":"https:\/\/agromolinillo.es\/de\/wp-json\/wp\/v2\/users\/1"}],"replies":[{"embeddable":true,"href":"https:\/\/agromolinillo.es\/de\/wp-json\/wp\/v2\/comments?post=111"}],"version-history":[{"count":40,"href":"https:\/\/agromolinillo.es\/de\/wp-json\/wp\/v2\/pages\/111\/revisions"}],"predecessor-version":[{"id":3701,"href":"https:\/\/agromolinillo.es\/de\/wp-json\/wp\/v2\/pages\/111\/revisions\/3701"}],"wp:attachment":[{"href":"https:\/\/agromolinillo.es\/de\/wp-json\/wp\/v2\/media?parent=111"}],"curies":[{"name":"wp","href":"https:\/\/api.w.org\/{rel}","templated":true}]}}