{"id":107,"date":"2014-02-18T12:12:50","date_gmt":"2014-02-18T12:12:50","guid":{"rendered":"http:\/\/localhost\/agromolinillos\/?page_id=107"},"modified":"2017-11-03T17:29:15","modified_gmt":"2017-11-03T17:29:15","slug":"idi","status":"publish","type":"page","link":"https:\/\/agromolinillo.es\/de\/idi\/","title":{"rendered":"FORSCHUNG UND ENTWICKLUNG"},"content":{"rendered":"<p><\/p>\n<h2><div class=\"fusion-layout-column fusion_builder_column fusion-builder-column-14 fusion_builder_column_1_1 1_1 fusion-one-full fusion-column-first fusion-column-last fusion-column-no-min-height\" style=\"--awb-bg-size:cover;--awb-margin-bottom:0px;width:100%;\"><div class=\"fusion-column-wrapper fusion-flex-column-wrapper-legacy\"><div class=\"fusion-content-boxes content-boxes columns row fusion-columns-1 fusion-columns-total-1 fusion-content-boxes-3 content-boxes-icon-boxed content-\" style=\"--awb-hover-accent-color:#f05858;--awb-circle-hover-accent-color:#f05858;--awb-item-margin-bottom:40px;\" data-animationOffset=\"top-into-view\">\n<div style=\"--awb-backgroundcolor:#d4004c;--awb-iconcolor:#d4004c;\" class=\"fusion-column content-box-column content-box-column content-box-column-1 col-lg-12 col-md-12 col-sm-12 fusion-content-box-hover content-box-column-last content-box-column-last-in-row\"><div class=\"col content-box-wrapper content-wrapper-background content-wrapper-boxed link-area-link-icon icon-hover-animation-fade\" data-animationOffset=\"top-into-view\"><div class=\"heading heading-with-icon\"><div class=\"icon\"><i style=\"border-color:#cc092f;border-width:1px;background-color:#ffffff;box-sizing:content-box;height:42px;width:42px;line-height:42px;top:-71px;margin-left:-21px;border-radius:50%;font-size:21px;\" aria-hidden=\"true\" class=\"fontawesome-icon fa fa-bar-chart circle-yes\"><\/i><\/div><\/div><div class=\"fusion-clearfix\"><\/div><div class=\"content-container\"><span style=\"color: #ffffff;\">I + D + i<\/span><\/div><\/div><\/div>\n<div class=\"fusion-clearfix\"><\/div><\/div><\/h2>\n<p><div class=\"fusion-clearfix\"><\/div><\/div><\/div><div class=\"fusion-layout-column fusion_builder_column fusion-builder-column-15 fusion_builder_column_1_3 1_3 fusion-one-third fusion-column-first\" style=\"--awb-bg-size:cover;width:30.6666%; margin-right: 4%;\"><div class=\"fusion-column-wrapper fusion-flex-column-wrapper-legacy\"><\/p>\n<p><img decoding=\"async\" class=\"alignnone size-medium wp-image-755\" src=\"https:\/\/agromolinillo.es\/wp-content\/uploads\/2014\/04\/campo_fresas-300x225.jpg\" alt=\"campo_fresas\" width=\"300\" height=\"225\" srcset=\"https:\/\/agromolinillo.es\/wp-content\/uploads\/2014\/04\/campo_fresas-300x225.jpg 300w, https:\/\/agromolinillo.es\/wp-content\/uploads\/2014\/04\/campo_fresas.jpg 1024w\" sizes=\"(max-width: 300px) 100vw, 300px\" \/><\/p>\n<p><strong>TECHNOLOGIE<\/strong><\/p>\n<p>In der letzten Zeit und mit den neuen Erg\u00e4nzungen in den Technologien, mussten wir uns an der Spitze der Herstellung von Landmaschinen, mit neuen Ausr\u00fcstungen f\u00fcr die Behandlung, Desinfektion\u2026. positionieren.<\/p>\n<p>Auch mussten wir uns an die heutige Zeit anpassen mit einer rund erneuerten Flotte von Maschinen, die uns den Transport\u00a0 vereinfachen und durch die dadurch entstehenden optimale Bedingungen, wird garantiert, das unsere Produkte die gleiche Frische und Eigenschaften behalten wie Vorort.<\/p>\n<p><div class=\"fusion-clearfix\"><\/div><\/div><\/div><br \/>\n<div class=\"fusion-layout-column fusion_builder_column fusion-builder-column-16 fusion_builder_column_1_3 1_3 fusion-one-third\" style=\"--awb-bg-size:cover;width:30.6666%; margin-right: 4%;\"><div class=\"fusion-column-wrapper fusion-flex-column-wrapper-legacy\"><\/p>\n<p><img decoding=\"async\" class=\"alignnone size-medium wp-image-379\" src=\"https:\/\/agromolinillo.es\/wp-content\/uploads\/2014\/03\/im2-300x225.jpg\" alt=\"im2\" width=\"300\" height=\"225\" srcset=\"https:\/\/agromolinillo.es\/wp-content\/uploads\/2014\/03\/im2-300x225.jpg 300w, https:\/\/agromolinillo.es\/wp-content\/uploads\/2014\/03\/im2.jpg 1024w\" sizes=\"(max-width: 300px) 100vw, 300px\" \/><\/p>\n<p><strong>EINRICHTUNGEN<\/strong><\/p>\n<p>Die zweite Generation von uns setzt weiter die Philosophie des Unternehmens durch, wo die Qualit\u00e4t und Innovation als Hauptpfeiler stehen.<\/p>\n<p>Die Einrichtungen der Kooperativen nehmen eine Gesamtfl\u00e4che von 10.000 Quadratmetern ein, verteilt zwischen zwei gro\u00dfe Hallen.<\/p>\n<p>Zu den j\u00fcngsten Investitionen geh\u00f6ren die neuen Installationen f\u00fcr die kontrollierte K\u00fchlung, unterst\u00fctzt durch Handling und Verpackung.<\/p>\n<p>Ein neues Labor mit einem spezialisierten Techniker-Team.<\/p>\n<p>Die neuen Anlagen von Agromolinillo garantieren vom ersten Moment an ein ausgezeichneten Einklang, dies ist wichtig damit die Ware \u00a0wie frisch gepfl\u00fcckt zu den weit entferntesten M\u00e4rkten, wie der Orient demn\u00e4chst, Asien oder Kanada geliefert werden kann.<\/p>\n<p><div class=\"fusion-clearfix\"><\/div><\/div><\/div><br \/>\n<div class=\"fusion-layout-column fusion_builder_column fusion-builder-column-17 fusion_builder_column_1_3 1_3 fusion-one-third fusion-column-last\" style=\"--awb-bg-size:cover;width:30.6666%;\"><div class=\"fusion-column-wrapper fusion-flex-column-wrapper-legacy\"><\/p>\n<p><img decoding=\"async\" class=\"alignnone size-full wp-image-1498\" src=\"https:\/\/agromolinillo.es\/wp-content\/uploads\/2014\/10\/foto-home-op2.jpg\" alt=\"foto-home-op2\" width=\"300\" height=\"225\" \/><\/p>\n<p><strong>KULTUREN<\/strong><\/p>\n<p>Der fr\u00fchere Trend im Sektor der Erdbeere, wo ein multivarietal der Pflanzen verwendet wurde, ist am Revolutionieren so das wir st\u00e4ndig in der Forschung t\u00e4tig sind, an\u00a0 multiplen Programmen von Sorten, um auf dem neuesten Stand der Marktanforderungen und den W\u00fcnschen der \u00a0Verbraucher zu sein.<\/p>\n<p>Im Zusammenhang mit Blaubeeren, sind wir mit einigen amerikanischen Universit\u00e4ten am Zusammenarbeiten, um uns an der Spitze dieser Beeren zu setzen, sowie in Bezug auf Produktion, Kulturen oder Sorten geeignete Programme zu positionieren.<\/p>\n<p><div class=\"fusion-clearfix\"><\/div><\/div><\/div><\/p>\n<div class=\"fusion-layout-column fusion_builder_column fusion-builder-column-18 fusion_builder_column_1_3 1_3 fusion-one-third fusion-column-first\" style=\"--awb-bg-size:cover;width:30.6666%; margin-right: 4%;\"><div class=\"fusion-column-wrapper fusion-flex-column-wrapper-legacy\">\n<p><a href=\"https:\/\/agromolinillo.es\/wp-content\/uploads\/2014\/10\/marquez-barcelona1.jpg\"><img decoding=\"async\" class=\"alignnone size-medium wp-image-1392\" src=\"https:\/\/agromolinillo.es\/wp-content\/uploads\/2014\/10\/marquez-barcelona1-300x225.jpg\" alt=\"marquez-barcelona1\" width=\"300\" height=\"225\" srcset=\"https:\/\/agromolinillo.es\/wp-content\/uploads\/2014\/10\/marquez-barcelona1-300x225.jpg 300w, https:\/\/agromolinillo.es\/wp-content\/uploads\/2014\/10\/marquez-barcelona1.jpg 800w\" sizes=\"(max-width: 300px) 100vw, 300px\" \/><\/a><\/p>\n<p><strong>MESSEN UND AUSSTELLUNGEN<\/strong><\/p>\n<p>Nationale und internationale \u00a0Messen sind Werkzeuge, die uns erm\u00f6glichen in einem anderen Markt unser Potenzial von Produkten zu zeigen, die Kompetenz zu analysieren, neue Trends zu studieren und in kurzer Zeit eine gro\u00dfe Anzahl von neuen Kontakten zu erm\u00f6glichen.<\/p>\n<p>Zur Zeit sind wir pr\u00e4sent in allen wichtigen gro\u00dfen Ausstellungen in unserer Branche, sowie National und International (Fruit Attraccion,t, Fruit Logistica ..) national und international.<\/p>\n<p>Die Nachfrage unserer Konsumenten bekr\u00e4ftigt uns in unserem Eifer, in unserem Sortiment an Verpackungen zu investieren, damit diese nicht nur attraktiv sondern sinnvoll und einfach sich verwenden sind.<\/p>\n<p><div class=\"fusion-clearfix\"><\/div><\/div><\/div><br \/>\n<div class=\"fusion-layout-column fusion_builder_column fusion-builder-column-19 fusion_builder_column_1_3 1_3 fusion-one-third\" style=\"--awb-bg-size:cover;width:30.6666%; margin-right: 4%;\"><div class=\"fusion-column-wrapper fusion-flex-column-wrapper-legacy\"><\/p>\n<p><img decoding=\"async\" class=\"alignnone size-medium wp-image-1143\" src=\"https:\/\/agromolinillo.es\/wp-content\/uploads\/2014\/10\/im8504-300x221.jpg\" alt=\"im8504\" width=\"300\" height=\"221\" srcset=\"https:\/\/agromolinillo.es\/wp-content\/uploads\/2014\/10\/im8504-220x161.jpg 220w, https:\/\/agromolinillo.es\/wp-content\/uploads\/2014\/10\/im8504-300x221.jpg 300w, https:\/\/agromolinillo.es\/wp-content\/uploads\/2014\/10\/im8504.jpg 504w\" sizes=\"(max-width: 300px) 100vw, 300px\" \/><\/p>\n<p><strong>FELDFORSCHUNG<\/strong><\/p>\n<p style=\"text-align: justify;\">Agromolinillo setzt weiterhin auf die Blaubeere, w\u00e4hrend der \u00a0Entwicklung und Studien der Abteilung I +D\u00a0 auf den eigenen Fincas und Feldern ist das Hauptziel dieser Aktivit\u00e4t , bestimmte Sorten zu perfektionieren umso sich den neuen M\u00e4rkte anzupassen.<\/p>\n<p><div class=\"fusion-clearfix\"><\/div><\/div><\/div><br \/>\n<div class=\"fusion-layout-column fusion_builder_column fusion-builder-column-20 fusion_builder_column_1_3 1_3 fusion-one-third fusion-column-last\" style=\"--awb-bg-size:cover;width:30.6666%;\"><div class=\"fusion-column-wrapper fusion-flex-column-wrapper-legacy\"><\/p>\n<p><img decoding=\"async\" class=\"alignnone size-medium wp-image-1544\" src=\"https:\/\/agromolinillo.es\/wp-content\/uploads\/2014\/10\/hnos_marquez41-300x249.jpg\" alt=\"hnos_marquez4\" width=\"300\" height=\"249\" srcset=\"https:\/\/agromolinillo.es\/wp-content\/uploads\/2014\/10\/hnos_marquez41-300x249.jpg 300w, https:\/\/agromolinillo.es\/wp-content\/uploads\/2014\/10\/hnos_marquez41.jpg 600w\" sizes=\"(max-width: 300px) 100vw, 300px\" \/><\/p>\n<p><strong>PACKAGING<\/strong><\/p>\n<p style=\"text-align: justify;\">Die Firma hat sich entschieden eine Erneuerung der Verpackung um sich gleichzeitig sich an neue Zeiten und neuen Verbraucher zu richten, so dass ihre Produkte auf den Markt innovativer und attraktiver ankommen lassen.<\/p>\n<p><div class=\"fusion-clearfix\"><\/div><\/div><\/div>[\/fusion_builder_row][\/fusion_builder_container]<\/p>","protected":false},"excerpt":{"rendered":"<p>[\/fusion_builder_row][\/fusion_builder_container]<\/p>\n","protected":false},"author":1,"featured_media":0,"parent":0,"menu_order":0,"comment_status":"open","ping_status":"open","template":"","meta":{"footnotes":""},"class_list":["post-107","page","type-page","status-publish","hentry"],"yoast_head":"<!-- This site is optimized with the Yoast SEO plugin v24.4 - https:\/\/yoast.com\/wordpress\/plugins\/seo\/ -->\n<title>I-D-i<\/title>\n<meta name=\"description\" content=\"I-D-i\" \/>\n<meta name=\"robots\" content=\"index, follow, max-snippet:-1, max-image-preview:large, max-video-preview:-1\" \/>\n<link rel=\"canonical\" href=\"https:\/\/agromolinillo.es\/de\/idi\/\" \/>\n<meta property=\"og:locale\" content=\"de_DE\" \/>\n<meta property=\"og:type\" content=\"article\" \/>\n<meta property=\"og:title\" content=\"I-D-i\" \/>\n<meta property=\"og:description\" content=\"I-D-i\" \/>\n<meta property=\"og:url\" content=\"https:\/\/agromolinillo.es\/de\/idi\/\" \/>\n<meta property=\"og:site_name\" content=\"Agromolinillo\" \/>\n<meta property=\"article:publisher\" content=\"https:\/\/www.facebook.com\/agromolinillo\/?fref=ts\" \/>\n<meta property=\"article:modified_time\" content=\"2017-11-03T17:29:15+00:00\" \/>\n<meta property=\"og:image\" content=\"https:\/\/agromolinillo.es\/wp-content\/uploads\/2014\/04\/campo_fresas-300x225.jpg\" \/>\n<meta name=\"twitter:label1\" content=\"Gesch\u00e4tzte Lesezeit\" \/>\n\t<meta name=\"twitter:data1\" content=\"9\u00a0Minuten\" \/>\n<script type=\"application\/ld+json\" class=\"yoast-schema-graph\">{\"@context\":\"https:\/\/schema.org\",\"@graph\":[{\"@type\":\"WebPage\",\"@id\":\"https:\/\/agromolinillo.es\/de\/idi\/\",\"url\":\"https:\/\/agromolinillo.es\/de\/idi\/\",\"name\":\"I-D-i\",\"isPartOf\":{\"@id\":\"https:\/\/agromolinillo.es\/de\/#website\"},\"primaryImageOfPage\":{\"@id\":\"https:\/\/agromolinillo.es\/de\/idi\/#primaryimage\"},\"image\":{\"@id\":\"https:\/\/agromolinillo.es\/idi\/#primaryimage\"},\"thumbnailUrl\":\"https:\/\/agromolinillo.es\/wp-content\/uploads\/2014\/04\/campo_fresas-300x225.jpg\",\"datePublished\":\"2014-02-18T12:12:50+00:00\",\"dateModified\":\"2017-11-03T17:29:15+00:00\",\"description\":\"I-D-i\",\"breadcrumb\":{\"@id\":\"https:\/\/agromolinillo.es\/de\/idi\/#breadcrumb\"},\"inLanguage\":\"de\",\"potentialAction\":[{\"@type\":\"ReadAction\",\"target\":[[\"https:\/\/agromolinillo.es\/de\/idi\/\"]]}]},{\"@type\":\"ImageObject\",\"inLanguage\":\"de\",\"@id\":\"https:\/\/agromolinillo.es\/de\/idi\/#primaryimage\",\"url\":\"https:\/\/agromolinillo.es\/wp-content\/uploads\/2014\/04\/campo_fresas-300x225.jpg\",\"contentUrl\":\"https:\/\/agromolinillo.es\/wp-content\/uploads\/2014\/04\/campo_fresas-300x225.jpg\"},{\"@type\":\"BreadcrumbList\",\"@id\":\"https:\/\/agromolinillo.es\/de\/idi\/#breadcrumb\",\"itemListElement\":[{\"@type\":\"ListItem\",\"position\":1,\"name\":\"Portada\",\"item\":\"https:\/\/agromolinillo.es\/de\/\"},{\"@type\":\"ListItem\",\"position\":2,\"name\":\"I+D+i\"}]},{\"@type\":\"WebSite\",\"@id\":\"https:\/\/agromolinillo.es\/de\/#website\",\"url\":\"https:\/\/agromolinillo.es\/de\/\",\"name\":\"Agromolinillo\",\"description\":\"Agromolinillo - Moguer\",\"publisher\":{\"@id\":\"https:\/\/agromolinillo.es\/de\/#organization\"},\"potentialAction\":[{\"@type\":\"SearchAction\",\"target\":{\"@type\":\"EntryPoint\",\"urlTemplate\":\"https:\/\/agromolinillo.es\/de\/?s={search_term_string}\"},\"query-input\":{\"@type\":\"PropertyValueSpecification\",\"valueRequired\":true,\"valueName\":\"search_term_string\"}}],\"inLanguage\":\"de\"},{\"@type\":\"Organization\",\"@id\":\"https:\/\/agromolinillo.es\/de\/#organization\",\"name\":\"Agromolinillo\",\"url\":\"https:\/\/agromolinillo.es\/de\/\",\"logo\":{\"@type\":\"ImageObject\",\"inLanguage\":\"de\",\"@id\":\"https:\/\/agromolinillo.es\/de\/#\/schema\/logo\/image\/\",\"url\":\"https:\/\/agromolinillo.es\/wp-content\/uploads\/2014\/02\/logo3.png\",\"contentUrl\":\"https:\/\/agromolinillo.es\/wp-content\/uploads\/2014\/02\/logo3.png\",\"width\":220,\"height\":84,\"caption\":\"Agromolinillo\"},\"image\":{\"@id\":\"https:\/\/agromolinillo.es\/de\/#\/schema\/logo\/image\/\"},\"sameAs\":[\"https:\/\/www.facebook.com\/agromolinillo\/?fref=ts\",\"https:\/\/www.instagram.com\/agromolinilloberries\/\",\"https:\/\/es.linkedin.com\/company\/agromolinillo\"]}]}<\/script>\n<!-- \/ Yoast SEO plugin. -->","yoast_head_json":{"title":"I-D-i","description":"I-D-i","robots":{"index":"index","follow":"follow","max-snippet":"max-snippet:-1","max-image-preview":"max-image-preview:large","max-video-preview":"max-video-preview:-1"},"canonical":"https:\/\/agromolinillo.es\/de\/idi\/","og_locale":"de_DE","og_type":"article","og_title":"I-D-i","og_description":"I-D-i","og_url":"https:\/\/agromolinillo.es\/de\/idi\/","og_site_name":"Agromolinillo","article_publisher":"https:\/\/www.facebook.com\/agromolinillo\/?fref=ts","article_modified_time":"2017-11-03T17:29:15+00:00","og_image":[{"url":"https:\/\/agromolinillo.es\/wp-content\/uploads\/2014\/04\/campo_fresas-300x225.jpg","type":"","width":"","height":""}],"twitter_misc":{"Gesch\u00e4tzte Lesezeit":"9\u00a0Minuten"},"schema":{"@context":"https:\/\/schema.org","@graph":[{"@type":"WebPage","@id":"https:\/\/agromolinillo.es\/de\/idi\/","url":"https:\/\/agromolinillo.es\/de\/idi\/","name":"I-D-i","isPartOf":{"@id":"https:\/\/agromolinillo.es\/de\/#website"},"primaryImageOfPage":{"@id":"https:\/\/agromolinillo.es\/de\/idi\/#primaryimage"},"image":{"@id":"https:\/\/agromolinillo.es\/idi\/#primaryimage"},"thumbnailUrl":"https:\/\/agromolinillo.es\/wp-content\/uploads\/2014\/04\/campo_fresas-300x225.jpg","datePublished":"2014-02-18T12:12:50+00:00","dateModified":"2017-11-03T17:29:15+00:00","description":"I-D-i","breadcrumb":{"@id":"https:\/\/agromolinillo.es\/de\/idi\/#breadcrumb"},"inLanguage":"de","potentialAction":[{"@type":"ReadAction","target":[["https:\/\/agromolinillo.es\/de\/idi\/"]]}]},{"@type":"ImageObject","inLanguage":"de","@id":"https:\/\/agromolinillo.es\/de\/idi\/#primaryimage","url":"https:\/\/agromolinillo.es\/wp-content\/uploads\/2014\/04\/campo_fresas-300x225.jpg","contentUrl":"https:\/\/agromolinillo.es\/wp-content\/uploads\/2014\/04\/campo_fresas-300x225.jpg"},{"@type":"BreadcrumbList","@id":"https:\/\/agromolinillo.es\/de\/idi\/#breadcrumb","itemListElement":[{"@type":"ListItem","position":1,"name":"Portada","item":"https:\/\/agromolinillo.es\/de\/"},{"@type":"ListItem","position":2,"name":"I+D+i"}]},{"@type":"WebSite","@id":"https:\/\/agromolinillo.es\/de\/#website","url":"https:\/\/agromolinillo.es\/de\/","name":"Agromolinillo","description":"Agromolinillo - Moguer","publisher":{"@id":"https:\/\/agromolinillo.es\/de\/#organization"},"potentialAction":[{"@type":"SearchAction","target":{"@type":"EntryPoint","urlTemplate":"https:\/\/agromolinillo.es\/de\/?s={search_term_string}"},"query-input":{"@type":"PropertyValueSpecification","valueRequired":true,"valueName":"search_term_string"}}],"inLanguage":"de"},{"@type":"Organization","@id":"https:\/\/agromolinillo.es\/de\/#organization","name":"Agromolinillo","url":"https:\/\/agromolinillo.es\/de\/","logo":{"@type":"ImageObject","inLanguage":"de","@id":"https:\/\/agromolinillo.es\/de\/#\/schema\/logo\/image\/","url":"https:\/\/agromolinillo.es\/wp-content\/uploads\/2014\/02\/logo3.png","contentUrl":"https:\/\/agromolinillo.es\/wp-content\/uploads\/2014\/02\/logo3.png","width":220,"height":84,"caption":"Agromolinillo"},"image":{"@id":"https:\/\/agromolinillo.es\/de\/#\/schema\/logo\/image\/"},"sameAs":["https:\/\/www.facebook.com\/agromolinillo\/?fref=ts","https:\/\/www.instagram.com\/agromolinilloberries\/","https:\/\/es.linkedin.com\/company\/agromolinillo"]}]}},"_links":{"self":[{"href":"https:\/\/agromolinillo.es\/de\/wp-json\/wp\/v2\/pages\/107"}],"collection":[{"href":"https:\/\/agromolinillo.es\/de\/wp-json\/wp\/v2\/pages"}],"about":[{"href":"https:\/\/agromolinillo.es\/de\/wp-json\/wp\/v2\/types\/page"}],"author":[{"embeddable":true,"href":"https:\/\/agromolinillo.es\/de\/wp-json\/wp\/v2\/users\/1"}],"replies":[{"embeddable":true,"href":"https:\/\/agromolinillo.es\/de\/wp-json\/wp\/v2\/comments?post=107"}],"version-history":[{"count":39,"href":"https:\/\/agromolinillo.es\/de\/wp-json\/wp\/v2\/pages\/107\/revisions"}],"predecessor-version":[{"id":3170,"href":"https:\/\/agromolinillo.es\/de\/wp-json\/wp\/v2\/pages\/107\/revisions\/3170"}],"wp:attachment":[{"href":"https:\/\/agromolinillo.es\/de\/wp-json\/wp\/v2\/media?parent=107"}],"curies":[{"name":"wp","href":"https:\/\/api.w.org\/{rel}","templated":true}]}}