{"id":1059,"date":"2014-10-02T12:53:30","date_gmt":"2014-10-02T12:53:30","guid":{"rendered":"https:\/\/agromolinillo.es\/\/?page_id=1059"},"modified":"2020-03-12T11:51:22","modified_gmt":"2020-03-12T10:51:22","slug":"asi-comenzo-todo","status":"publish","type":"page","link":"https:\/\/agromolinillo.es\/de\/asi-comenzo-todo\/","title":{"rendered":"So fing alles an"},"content":{"rendered":"<p>Moguer ist unser Land, es ist unsere Leidenschaft, hier in leben wir, hier kultivieren und vermarkten unserer frisches Obst aus Moguer f\u00fcr die ganze Welt, von Deutschland nach China \u00fcber Kanada oder Belgien. Agromolinillo ist Illusion, soziales Engagement, Teamarbeit und Qualit\u00e4t.<\/p>\n<p>In Agromolinillo vergessen wir nicht unsere Herkunft, ein kleines Familienunternehmen (Costa de Huelva) gegr\u00fcndet im Jahre 1979 von Juan M\u00e1rquez Soriano gemeinsam mit zwei weiteren Landwirten, mir der Herstellung von Erdbeeren in einem Garten. Bald gruppiert sie weitere Hersteller der wenigen Gemeinden rings herum, die sich zu dieser Zeit mit Obst besch\u00e4ftigten.<\/p>\n<p>In den letzten Jahren, aufgrund der Entwicklung der M\u00e4rkte verbunden mit der Tendenz an der Spitze, hat die Forschung und Entwicklung von Agromolinillo eine neue Linie des Anbaus entwickelt und sich spezialisiert und ein weiteres Flaggschiff-Produkt des Hauses hergestellt, die Blaubeere.<\/p>\n<p>Agromolinillo ist f\u00fchrender Hersteller von Blaubeeren auf Spanisch Niveau und geh\u00f6rt zu einen der f\u00fchrenden Hersteller weltweit.<\/p>\n<p>So sehr, dass Agromolinillo im Jahr 2012 das erste Export-Unternehmen von Blaubeeren aus Huelva in den Asiatischen Raum wurde.<\/p>","protected":false},"excerpt":{"rendered":"<p>Moguer ist unser Land, es ist unsere Leidenschaft, hier in leben wir, hier kultivieren und vermarkten unserer frisches Obst aus Moguer f\u00fcr die ganze Welt, von Deutschland nach China \u00fcber Kanada oder Belgien. Agromolinillo ist Illusion, soziales Engagement, Teamarbeit und Qualit\u00e4t. In Agromolinillo vergessen wir nicht unsere Herkunft, ein kleines Familienunternehmen (Costa de Huelva) gegr\u00fcndet<\/p>\n","protected":false},"author":1,"featured_media":0,"parent":0,"menu_order":0,"comment_status":"open","ping_status":"open","template":"","meta":{"footnotes":""},"class_list":["post-1059","page","type-page","status-publish","hentry"],"yoast_head":"<!-- This site is optimized with the Yoast SEO plugin v24.4 - https:\/\/yoast.com\/wordpress\/plugins\/seo\/ -->\n<title>As\u00ed comenz\u00f3 todo<\/title>\n<meta name=\"description\" content=\"As\u00ed comenz\u00f3 todo\" \/>\n<meta name=\"robots\" content=\"index, follow, max-snippet:-1, max-image-preview:large, max-video-preview:-1\" \/>\n<link rel=\"canonical\" href=\"https:\/\/agromolinillo.es\/de\/asi-comenzo-todo\/\" \/>\n<meta property=\"og:locale\" content=\"de_DE\" \/>\n<meta property=\"og:type\" content=\"article\" \/>\n<meta property=\"og:title\" content=\"As\u00ed comenz\u00f3 todo\" \/>\n<meta property=\"og:description\" content=\"As\u00ed comenz\u00f3 todo\" \/>\n<meta property=\"og:url\" content=\"https:\/\/agromolinillo.es\/de\/asi-comenzo-todo\/\" \/>\n<meta property=\"og:site_name\" content=\"Agromolinillo\" \/>\n<meta property=\"article:publisher\" content=\"https:\/\/www.facebook.com\/agromolinillo\/?fref=ts\" \/>\n<meta property=\"article:modified_time\" content=\"2020-03-12T10:51:22+00:00\" \/>\n<meta property=\"og:image\" content=\"https:\/\/agromolinillo.es\/wp-content\/uploads\/2014\/02\/AGM-MARCA.jpg\" \/>\n\t<meta property=\"og:image:width\" content=\"472\" \/>\n\t<meta property=\"og:image:height\" content=\"472\" \/>\n\t<meta property=\"og:image:type\" content=\"image\/jpeg\" \/>\n<meta name=\"twitter:label1\" content=\"Gesch\u00e4tzte Lesezeit\" \/>\n\t<meta name=\"twitter:data1\" content=\"3\u00a0Minuten\" \/>\n<script type=\"application\/ld+json\" class=\"yoast-schema-graph\">{\"@context\":\"https:\/\/schema.org\",\"@graph\":[{\"@type\":\"WebPage\",\"@id\":\"https:\/\/agromolinillo.es\/de\/asi-comenzo-todo\/\",\"url\":\"https:\/\/agromolinillo.es\/de\/asi-comenzo-todo\/\",\"name\":\"As\u00ed comenz\u00f3 todo\",\"isPartOf\":{\"@id\":\"https:\/\/agromolinillo.es\/de\/#website\"},\"datePublished\":\"2014-10-02T12:53:30+00:00\",\"dateModified\":\"2020-03-12T10:51:22+00:00\",\"description\":\"As\u00ed comenz\u00f3 todo\",\"breadcrumb\":{\"@id\":\"https:\/\/agromolinillo.es\/de\/asi-comenzo-todo\/#breadcrumb\"},\"inLanguage\":\"de\",\"potentialAction\":[{\"@type\":\"ReadAction\",\"target\":[[\"https:\/\/agromolinillo.es\/de\/asi-comenzo-todo\/\"]]}]},{\"@type\":\"BreadcrumbList\",\"@id\":\"https:\/\/agromolinillo.es\/de\/asi-comenzo-todo\/#breadcrumb\",\"itemListElement\":[{\"@type\":\"ListItem\",\"position\":1,\"name\":\"Portada\",\"item\":\"https:\/\/agromolinillo.es\/de\/\"},{\"@type\":\"ListItem\",\"position\":2,\"name\":\"As\u00ed comenz\u00f3 todo\"}]},{\"@type\":\"WebSite\",\"@id\":\"https:\/\/agromolinillo.es\/de\/#website\",\"url\":\"https:\/\/agromolinillo.es\/de\/\",\"name\":\"Agromolinillo\",\"description\":\"Agromolinillo - Moguer\",\"publisher\":{\"@id\":\"https:\/\/agromolinillo.es\/de\/#organization\"},\"potentialAction\":[{\"@type\":\"SearchAction\",\"target\":{\"@type\":\"EntryPoint\",\"urlTemplate\":\"https:\/\/agromolinillo.es\/de\/?s={search_term_string}\"},\"query-input\":{\"@type\":\"PropertyValueSpecification\",\"valueRequired\":true,\"valueName\":\"search_term_string\"}}],\"inLanguage\":\"de\"},{\"@type\":\"Organization\",\"@id\":\"https:\/\/agromolinillo.es\/de\/#organization\",\"name\":\"Agromolinillo\",\"url\":\"https:\/\/agromolinillo.es\/de\/\",\"logo\":{\"@type\":\"ImageObject\",\"inLanguage\":\"de\",\"@id\":\"https:\/\/agromolinillo.es\/de\/#\/schema\/logo\/image\/\",\"url\":\"https:\/\/agromolinillo.es\/wp-content\/uploads\/2014\/02\/logo3.png\",\"contentUrl\":\"https:\/\/agromolinillo.es\/wp-content\/uploads\/2014\/02\/logo3.png\",\"width\":220,\"height\":84,\"caption\":\"Agromolinillo\"},\"image\":{\"@id\":\"https:\/\/agromolinillo.es\/de\/#\/schema\/logo\/image\/\"},\"sameAs\":[\"https:\/\/www.facebook.com\/agromolinillo\/?fref=ts\",\"https:\/\/www.instagram.com\/agromolinilloberries\/\",\"https:\/\/es.linkedin.com\/company\/agromolinillo\"]}]}<\/script>\n<!-- \/ Yoast SEO plugin. -->","yoast_head_json":{"title":"As\u00ed comenz\u00f3 todo","description":"As\u00ed comenz\u00f3 todo","robots":{"index":"index","follow":"follow","max-snippet":"max-snippet:-1","max-image-preview":"max-image-preview:large","max-video-preview":"max-video-preview:-1"},"canonical":"https:\/\/agromolinillo.es\/de\/asi-comenzo-todo\/","og_locale":"de_DE","og_type":"article","og_title":"As\u00ed comenz\u00f3 todo","og_description":"As\u00ed comenz\u00f3 todo","og_url":"https:\/\/agromolinillo.es\/de\/asi-comenzo-todo\/","og_site_name":"Agromolinillo","article_publisher":"https:\/\/www.facebook.com\/agromolinillo\/?fref=ts","article_modified_time":"2020-03-12T10:51:22+00:00","og_image":[{"width":472,"height":472,"url":"https:\/\/agromolinillo.es\/wp-content\/uploads\/2014\/02\/AGM-MARCA.jpg","type":"image\/jpeg"}],"twitter_misc":{"Gesch\u00e4tzte Lesezeit":"3\u00a0Minuten"},"schema":{"@context":"https:\/\/schema.org","@graph":[{"@type":"WebPage","@id":"https:\/\/agromolinillo.es\/de\/asi-comenzo-todo\/","url":"https:\/\/agromolinillo.es\/de\/asi-comenzo-todo\/","name":"As\u00ed comenz\u00f3 todo","isPartOf":{"@id":"https:\/\/agromolinillo.es\/de\/#website"},"datePublished":"2014-10-02T12:53:30+00:00","dateModified":"2020-03-12T10:51:22+00:00","description":"As\u00ed comenz\u00f3 todo","breadcrumb":{"@id":"https:\/\/agromolinillo.es\/de\/asi-comenzo-todo\/#breadcrumb"},"inLanguage":"de","potentialAction":[{"@type":"ReadAction","target":[["https:\/\/agromolinillo.es\/de\/asi-comenzo-todo\/"]]}]},{"@type":"BreadcrumbList","@id":"https:\/\/agromolinillo.es\/de\/asi-comenzo-todo\/#breadcrumb","itemListElement":[{"@type":"ListItem","position":1,"name":"Portada","item":"https:\/\/agromolinillo.es\/de\/"},{"@type":"ListItem","position":2,"name":"As\u00ed comenz\u00f3 todo"}]},{"@type":"WebSite","@id":"https:\/\/agromolinillo.es\/de\/#website","url":"https:\/\/agromolinillo.es\/de\/","name":"Agromolinillo","description":"Agromolinillo - Moguer","publisher":{"@id":"https:\/\/agromolinillo.es\/de\/#organization"},"potentialAction":[{"@type":"SearchAction","target":{"@type":"EntryPoint","urlTemplate":"https:\/\/agromolinillo.es\/de\/?s={search_term_string}"},"query-input":{"@type":"PropertyValueSpecification","valueRequired":true,"valueName":"search_term_string"}}],"inLanguage":"de"},{"@type":"Organization","@id":"https:\/\/agromolinillo.es\/de\/#organization","name":"Agromolinillo","url":"https:\/\/agromolinillo.es\/de\/","logo":{"@type":"ImageObject","inLanguage":"de","@id":"https:\/\/agromolinillo.es\/de\/#\/schema\/logo\/image\/","url":"https:\/\/agromolinillo.es\/wp-content\/uploads\/2014\/02\/logo3.png","contentUrl":"https:\/\/agromolinillo.es\/wp-content\/uploads\/2014\/02\/logo3.png","width":220,"height":84,"caption":"Agromolinillo"},"image":{"@id":"https:\/\/agromolinillo.es\/de\/#\/schema\/logo\/image\/"},"sameAs":["https:\/\/www.facebook.com\/agromolinillo\/?fref=ts","https:\/\/www.instagram.com\/agromolinilloberries\/","https:\/\/es.linkedin.com\/company\/agromolinillo"]}]}},"_links":{"self":[{"href":"https:\/\/agromolinillo.es\/de\/wp-json\/wp\/v2\/pages\/1059"}],"collection":[{"href":"https:\/\/agromolinillo.es\/de\/wp-json\/wp\/v2\/pages"}],"about":[{"href":"https:\/\/agromolinillo.es\/de\/wp-json\/wp\/v2\/types\/page"}],"author":[{"embeddable":true,"href":"https:\/\/agromolinillo.es\/de\/wp-json\/wp\/v2\/users\/1"}],"replies":[{"embeddable":true,"href":"https:\/\/agromolinillo.es\/de\/wp-json\/wp\/v2\/comments?post=1059"}],"version-history":[{"count":6,"href":"https:\/\/agromolinillo.es\/de\/wp-json\/wp\/v2\/pages\/1059\/revisions"}],"predecessor-version":[{"id":3824,"href":"https:\/\/agromolinillo.es\/de\/wp-json\/wp\/v2\/pages\/1059\/revisions\/3824"}],"wp:attachment":[{"href":"https:\/\/agromolinillo.es\/de\/wp-json\/wp\/v2\/media?parent=1059"}],"curies":[{"name":"wp","href":"https:\/\/api.w.org\/{rel}","templated":true}]}}