{"id":105,"date":"2014-02-18T12:12:31","date_gmt":"2014-02-18T12:12:31","guid":{"rendered":"http:\/\/localhost\/agromolinillos\/?page_id=105"},"modified":"2019-07-08T16:51:59","modified_gmt":"2019-07-08T15:51:59","slug":"historia","status":"publish","type":"page","link":"https:\/\/agromolinillo.es\/de\/historia\/","title":{"rendered":"Erbschaft"},"content":{"rendered":"<p><\/p>\n<h1><strong><span style=\"color: #d5004c;\">ERBSCHAFT<\/span><\/strong><\/h1>\n<div class=\"fusion-sep-clear\"><\/div><div class=\"fusion-separator fusion-full-width-sep\" style=\"margin-left: auto;margin-right: auto;margin-top:-20px;margin-bottom:40px;width:100%;\"><div class=\"fusion-separator-border sep-single sep-solid\" style=\"--awb-height:20px;--awb-amount:20px;--awb-sep-color:#d5004c;border-color:#d5004c;border-top-width:1px;\"><\/div><\/div><div class=\"fusion-sep-clear\"><\/div>\n<p>[\/fusion_builder_column]<div class=\"fusion-layout-column fusion_builder_column fusion-builder-column-17 fusion_builder_column_1_2 1_2 fusion-one-half fusion-column-first\" style=\"--awb-bg-size:cover;width:48%; margin-right: 4%;\"><div class=\"fusion-column-wrapper fusion-flex-column-wrapper-legacy\"><\/p>\n<p><a href=\"https:\/\/agromolinillo.es\/wp-content\/uploads\/2014\/10\/Vista_de_Moguer2.jpg\"><img decoding=\"async\" class=\"alignnone wp-image-1240 size-full\" src=\"https:\/\/agromolinillo.es\/wp-content\/uploads\/2014\/10\/Vista_de_Moguer2.jpg\" alt=\"Vista_de_Moguer2\" width=\"455\" height=\"334\" srcset=\"https:\/\/agromolinillo.es\/wp-content\/uploads\/2014\/10\/Vista_de_Moguer2-220x161.jpg 220w, https:\/\/agromolinillo.es\/wp-content\/uploads\/2014\/10\/Vista_de_Moguer2-300x220.jpg 300w, https:\/\/agromolinillo.es\/wp-content\/uploads\/2014\/10\/Vista_de_Moguer2.jpg 455w\" sizes=\"(max-width: 455px) 100vw, 455px\" \/><\/a><\/p>\n<p><div class=\"fusion-clearfix\"><\/div><\/div><\/div><br \/>\n<div class=\"fusion-layout-column fusion_builder_column fusion-builder-column-18 fusion_builder_column_1_2 1_2 fusion-one-half fusion-column-last\" style=\"--awb-bg-size:cover;width:48%;\"><div class=\"fusion-column-wrapper fusion-flex-column-wrapper-legacy\"><\/p>\n<div class=\"fusion-testimonials classic awb-speech-bubble-show fusion-testimonials-3\" style=\"--awb-textcolor:#747474;--awb-backgroundcolor:#f2f2f2;--awb-testimonial-border-style:solid;--awb-testimonial-border-color:var(--awb-color3);--awb-border-top-left-radius:0px;--awb-border-top-right-radius:0px;--awb-border-bottom-left-radius:0px;--awb-border-bottom-right-radius:0px;--testimonial-border-width-top:0px;--testimonial-border-width-right:0px;--testimonial-border-width-bottom:0px;--testimonial-border-width-left:0px;\" data-random=\"0\" data-speed=\"4000\"><div class=\"reviews\">\n<div class=\"review active-testimonial male\"><blockquote><div class=\"awb-quote\"><div class=\"awb-quote-content\">\u201cIch habe Dir gesagt Platero das die Seele von Moguer der Wein ist. Richtig? Nein, die Seele Moguers \u00a0ist das Brot. Moguer ist wie ein Weizenbrot, innen wei\u00df wie der Krume und goldbraun um rings herum oh braune Sonne! Wie die weiche Kruste\u201d.<\/div><\/div><span class=\"awb-triangle\"><\/span><\/blockquote><div class=\"author\"><span class=\"testimonial-thumbnail doe\"><\/span><span class=\"company-name\"><strong>Juan Ram\u00f3n Jimenez<\/strong><span>, <\/span><span>Moguer<\/span><\/span><\/div><\/div>\n<\/div><\/div>\n<div class=\"fusion-sep-clear\"><\/div><div class=\"fusion-separator fusion-full-width-sep\" style=\"margin-left: auto;margin-right: auto;margin-top:10px;margin-bottom:10px;width:100%;\"><\/div><div class=\"fusion-sep-clear\"><\/div>\n<p style=\"text-align: justify;\"><b><\/b><strong>Moguer<\/strong> ist unser Land, in Ihr Leben wir, wir kultivieren und vermarkten unsere Obst f\u00fcr die ganze Welt, von Deutschland nach China \u00fcber Kanada oder Belgien. Agromolinillo ist ein Unternehmen mit Sitz in Moguer, was sich ausschlie\u00dflich um die Produktion und Vermarktung von verschiedenen Fr\u00fcchten widmet.<\/p>\n<p style=\"text-align: justify;\"><div class=\"fusion-clearfix\"><\/div><\/div><\/div><br \/>\n<div class=\"fusion-layout-column fusion_builder_column fusion-builder-column-19 fusion_builder_column_1_2 1_2 fusion-one-half fusion-column-first\" style=\"--awb-bg-size:cover;width:48%; margin-right: 4%;\"><div class=\"fusion-column-wrapper fusion-flex-column-wrapper-legacy\"><\/p>\n<p style=\"text-align: justify;\">In Agromolinillo vergessen wir nicht unsere Wurzeln, ein kleines <strong>Familienunternehmen (Costa de Huelva) 1979<\/strong> von <strong>Juan Marquez Soriano<\/strong> mit zwei anderen Bauern gegr\u00fcndet und die sich mit der Herstellung von Erdbeeren in Ihrem eigenen Garten widmeten. In kurzer Zeit schlossen sich andere Produzenten der wenigen Gemeinden ringsherum an, die sich in der damaligen Zeit mit Obst besch\u00e4ftigten.<\/p>\n<p style=\"text-align: justify;\">Dank unserem Standort, Moguer, andalusischen Land und endlosen Sonnenstunden und feuchte Atlantikbrisen, ist es uns mit gemeinsamen Kr\u00e4ften gelungen, den Reichtum der exquisiten Fr\u00fcchten zum Bl\u00fchen zu bringen, mit all unsrer Liebe, damit Sie maximaler Frische, Qualit\u00e4t und Geschmack zu jedem Haus von jedem Ort der Welt geliefert werden k\u00f6nnen.<\/p>\n<p style=\"text-align: justify;\"><div class=\"fusion-clearfix\"><\/div><\/div><\/div><br \/>\n<div class=\"fusion-layout-column fusion_builder_column fusion-builder-column-20 fusion_builder_column_1_2 1_2 fusion-one-half fusion-column-last\" style=\"--awb-bg-size:cover;width:48%;\"><div class=\"fusion-column-wrapper fusion-flex-column-wrapper-legacy\"><\/p>\n<p style=\"text-align: justify;\"><div class=\"fusion-slider-sc fusion-flexslider-loading flexslider flexslider-hover-type-none\" data-slideshow_autoplay=\"1\" data-slideshow_smooth_height=\"0\" data-slideshow_speed=\"7000\" style=\"max-width:100%;height:100%;\"><ul class=\"slides\">\n<p style=\"text-align: justify;\"><li class=\"image\"><span class=\"fusion-image-hover-element hover-type-none\"><img decoding=\"async\" src=\"https:\/\/agromolinillo.es\/\/wp-content\/uploads\/2014\/03\/2246587.jpg\" \/><\/span><\/li>\n<li class=\"image\"><span class=\"fusion-image-hover-element hover-type-none\"><img decoding=\"async\" src=\"https:\/\/agromolinillo.es\/\/wp-content\/uploads\/2014\/03\/Parroquia_Moguer_2-1024x768.jpg\" \/><\/span><\/li>\n<li class=\"image\"><span class=\"fusion-image-hover-element hover-type-none\"><img decoding=\"async\" src=\"https:\/\/agromolinillo.es\/wp-content\/uploads\/2014\/03\/parador.jpg\" width=\"670\" height=\"451\" \/><\/span><\/li><li class=\"image\"><span class=\"fusion-image-hover-element hover-type-none\"><img decoding=\"async\" src=\"https:\/\/agromolinillo.es\/\/wp-content\/uploads\/2014\/04\/Alfonso_X.jpg\" \/><\/span><\/li>\n<li class=\"image\"><span class=\"fusion-image-hover-element hover-type-none\"><img decoding=\"async\" src=\"https:\/\/agromolinillo.es\/\/wp-content\/uploads\/2014\/04\/campo_fresas.jpg\" \/><\/span><\/li>\n<\/ul><\/div>\n<p style=\"text-align: justify;\"><div class=\"fusion-clearfix\"><\/div><\/div><\/div><\/p>\n<p style=\"text-align: justify;\">Als sich die Herstellung ausweitete und Kooperative begannen zu entstehen, Marquez trat der Kooperativen Moguere\u00f1a Cuna de Platero ein, wo Er mehrere Jahre Pr\u00e4sident war wurde und einer der gr\u00f6\u00dften Produzenten. Aufgrund seines Charakters und seiner Natur, gr\u00fcndet Juan Marquez er im Jahr 1987 seine eigene unabh\u00e4ngige Kooperative, dem er den Namen Agromolinillo gab. Mit einer Fl\u00e4che von 30 bis 40 Hektar, begann die Produktion und Vermarktung von verschiedenen Kulturen. So begann Agromolinillo mit dem Schwerpunkt auf der Erdbeere, aber auch den Weg mit Zitrusfr\u00fcchten und Himbeeren, und als erster Exporteur, um 1987, wobei letztere in Europa.<\/p>\n<p style=\"text-align: justify;\">Obwohl die Erdbeere das Flaggschiff der Produktion ist, l\u00e4sst man trotzdem Raum f\u00fcr ihre j\u00fcngeren Schwestern, anderen &#8222;Berries&#8220;, die zunehmend mehr von den Verbrauchern gefordert werden.<\/p>\n<p style=\"text-align: justify;\"><div class=\"fusion-layout-column fusion_builder_column fusion-builder-column-21 fusion_builder_column_1_1 1_1 fusion-one-full fusion-column-first fusion-column-last fusion-column-no-min-height\" style=\"--awb-bg-size:cover;--awb-margin-bottom:0px;width:100%;\"><div class=\"fusion-column-wrapper fusion-flex-column-wrapper-legacy\"><div class=\"fusion-sep-clear\"><\/div><div class=\"fusion-separator fusion-full-width-sep\" style=\"margin-left: auto;margin-right: auto;margin-top:20px;margin-bottom:20px;width:100%;\"><\/div><div class=\"fusion-sep-clear\"><\/div>\n<p style=\"text-align: justify;\"><div class=\"fusion-clearfix\"><\/div><\/div><\/div><div class=\"fusion-layout-column fusion_builder_column fusion-builder-column-22 fusion_builder_column_1_2 1_2 fusion-one-half fusion-column-first\" style=\"--awb-bg-size:cover;width:48%; margin-right: 4%;\"><div class=\"fusion-column-wrapper fusion-flex-column-wrapper-legacy\"><\/p>\n<p style=\"text-align: justify;\">So wird in den letzten Jahren aufgrund der Marktentwicklung, mit der Tendenz verbunden, um an der Spitze der Forschung und Entwicklung zu sein, hat Agromolinillo eine andere Linie der Kultur spezialisiert, mit \u00a0einem anderen Flaggschiff des Hauses, der <strong>Blaubeere <\/strong>eingef\u00fchrt.<\/p>\n<p style=\"text-align: justify;\">Agromolinillo finden Sie uns als ein f\u00fchrender Produzent von Blaubeeren national u<strong>nd einer der f\u00fchrenden Hersteller weltweit<\/strong>.<\/p>\n<p style=\"text-align: justify;\">So sehr, dass Agromolinillo\u00a0 <strong>im Jahr 2012 das erste Export-Unternehmen aus Huelva wurde mit Export von Blaubeeren in den Asiatischen Raum.<\/strong><\/p>\n<p style=\"text-align: justify;\"><div class=\"fusion-clearfix\"><\/div><\/div><\/div><br \/>\n<div class=\"fusion-layout-column fusion_builder_column fusion-builder-column-23 fusion_builder_column_1_2 1_2 fusion-one-half fusion-column-last\" style=\"--awb-bg-size:cover;width:48%;\"><div class=\"fusion-column-wrapper fusion-flex-column-wrapper-legacy\"><\/p>\n<p style=\"text-align: justify;\"><a href=\"https:\/\/agromolinillo.es\/\/wp-content\/uploads\/2014\/04\/agromolinillo-historico-logo.jpg\"><img decoding=\"async\" class=\"alignnone size-full wp-image-519\" src=\"https:\/\/agromolinillo.es\/\/wp-content\/uploads\/2014\/04\/agromolinillo-historico-logo.jpg\" alt=\"agromolinillo-historico-logo\" width=\"504\" height=\"372\" srcset=\"https:\/\/agromolinillo.es\/wp-content\/uploads\/2014\/04\/agromolinillo-historico-logo-220x161.jpg 220w, https:\/\/agromolinillo.es\/wp-content\/uploads\/2014\/04\/agromolinillo-historico-logo-300x221.jpg 300w, https:\/\/agromolinillo.es\/wp-content\/uploads\/2014\/04\/agromolinillo-historico-logo.jpg 504w\" sizes=\"(max-width: 504px) 100vw, 504px\" \/><\/a><\/p>\n<p style=\"text-align: justify;\"><div class=\"fusion-clearfix\"><\/div><\/div><\/div><\/p>\n<p><div class=\"fusion-layout-column fusion_builder_column fusion-builder-column-24 fusion_builder_column_1_1 1_1 fusion-one-full fusion-column-first fusion-column-last fusion-column-no-min-height\" style=\"--awb-bg-size:cover;--awb-margin-bottom:0px;width:100%;\"><div class=\"fusion-column-wrapper fusion-flex-column-wrapper-legacy\"><div class=\"fusion-sep-clear\"><\/div><div class=\"fusion-separator fusion-full-width-sep\" style=\"margin-left: auto;margin-right: auto;margin-top:40px;margin-bottom:40px;width:100%;\"><div class=\"fusion-separator-border sep-shadow\" style=\"--awb-height:20px;--awb-amount:20px;background:radial-gradient(ellipse at 50% -50% , #e0dede 0px, rgba(255, 255, 255, 0) 80%) repeat scroll 0 0 rgba(0, 0, 0, 0);background:-webkit-radial-gradient(ellipse at 50% -50% , #e0dede 0px, rgba(255, 255, 255, 0) 80%) repeat scroll 0 0 rgba(0, 0, 0, 0);background:-moz-radial-gradient(ellipse at 50% -50% , #e0dede 0px, rgba(255, 255, 255, 0) 80%) repeat scroll 0 0 rgba(0, 0, 0, 0);background:-o-radial-gradient(ellipse at 50% -50% , #e0dede 0px, rgba(255, 255, 255, 0) 80%) repeat scroll 0 0 rgba(0, 0, 0, 0);\"><\/div><\/div><div class=\"fusion-sep-clear\"><\/div><div class=\"fusion-clearfix\"><\/div><\/div><\/div>[\/fusion_builder_row][\/fusion_builder_container]<\/p>","protected":false},"excerpt":{"rendered":"<p>ERBSCHAFT [\/fusion_builder_column] Als sich die Herstellung ausweitete und Kooperative begannen zu entstehen, Marquez trat der Kooperativen Moguere\u00f1a Cuna de Platero ein, wo Er mehrere Jahre Pr\u00e4sident war wurde und einer der gr\u00f6\u00dften Produzenten. Aufgrund seines Charakters und seiner Natur, gr\u00fcndet Juan Marquez er im Jahr 1987 seine eigene unabh\u00e4ngige Kooperative, dem er den Namen Agromolinillo<\/p>\n","protected":false},"author":1,"featured_media":0,"parent":0,"menu_order":0,"comment_status":"open","ping_status":"closed","template":"","meta":{"footnotes":""},"class_list":["post-105","page","type-page","status-publish","hentry"],"yoast_head":"<!-- This site is optimized with the Yoast SEO plugin v24.4 - https:\/\/yoast.com\/wordpress\/plugins\/seo\/ -->\n<title>Agromolinillo - Herencia<\/title>\n<meta name=\"description\" content=\"Agromolinillo Herencia\" \/>\n<meta name=\"robots\" content=\"index, follow, max-snippet:-1, max-image-preview:large, max-video-preview:-1\" \/>\n<link rel=\"canonical\" href=\"https:\/\/agromolinillo.es\/de\/historia\/\" \/>\n<meta property=\"og:locale\" content=\"de_DE\" \/>\n<meta property=\"og:type\" content=\"article\" \/>\n<meta property=\"og:title\" content=\"Agromolinillo - Herencia\" \/>\n<meta property=\"og:description\" content=\"Agromolinillo Herencia\" \/>\n<meta property=\"og:url\" content=\"https:\/\/agromolinillo.es\/de\/historia\/\" \/>\n<meta property=\"og:site_name\" content=\"Agromolinillo\" \/>\n<meta property=\"article:publisher\" content=\"https:\/\/www.facebook.com\/agromolinillo\/?fref=ts\" \/>\n<meta property=\"article:modified_time\" content=\"2019-07-08T15:51:59+00:00\" \/>\n<meta property=\"og:image\" content=\"https:\/\/agromolinillo.es\/wp-content\/uploads\/2014\/10\/Vista_de_Moguer2.jpg\" \/>\n<meta name=\"twitter:label1\" content=\"Gesch\u00e4tzte Lesezeit\" \/>\n\t<meta name=\"twitter:data1\" content=\"12\u00a0Minuten\" \/>\n<script type=\"application\/ld+json\" class=\"yoast-schema-graph\">{\"@context\":\"https:\/\/schema.org\",\"@graph\":[{\"@type\":\"WebPage\",\"@id\":\"https:\/\/agromolinillo.es\/de\/historia\/\",\"url\":\"https:\/\/agromolinillo.es\/de\/historia\/\",\"name\":\"Agromolinillo - Herencia\",\"isPartOf\":{\"@id\":\"https:\/\/agromolinillo.es\/de\/#website\"},\"primaryImageOfPage\":{\"@id\":\"https:\/\/agromolinillo.es\/de\/historia\/#primaryimage\"},\"image\":{\"@id\":\"https:\/\/agromolinillo.es\/en\/historia\/#primaryimage\"},\"thumbnailUrl\":\"https:\/\/agromolinillo.es\/wp-content\/uploads\/2014\/10\/Vista_de_Moguer2.jpg\",\"datePublished\":\"2014-02-18T12:12:31+00:00\",\"dateModified\":\"2019-07-08T15:51:59+00:00\",\"description\":\"Agromolinillo Herencia\",\"breadcrumb\":{\"@id\":\"https:\/\/agromolinillo.es\/de\/historia\/#breadcrumb\"},\"inLanguage\":\"de\",\"potentialAction\":[{\"@type\":\"ReadAction\",\"target\":[[\"https:\/\/agromolinillo.es\/de\/historia\/\"]]}]},{\"@type\":\"ImageObject\",\"inLanguage\":\"de\",\"@id\":\"https:\/\/agromolinillo.es\/de\/historia\/#primaryimage\",\"url\":\"https:\/\/agromolinillo.es\/wp-content\/uploads\/2014\/10\/Vista_de_Moguer2.jpg\",\"contentUrl\":\"https:\/\/agromolinillo.es\/wp-content\/uploads\/2014\/10\/Vista_de_Moguer2.jpg\"},{\"@type\":\"BreadcrumbList\",\"@id\":\"https:\/\/agromolinillo.es\/de\/historia\/#breadcrumb\",\"itemListElement\":[{\"@type\":\"ListItem\",\"position\":1,\"name\":\"Portada\",\"item\":\"https:\/\/agromolinillo.es\/de\/\"},{\"@type\":\"ListItem\",\"position\":2,\"name\":\"Heritage\"}]},{\"@type\":\"WebSite\",\"@id\":\"https:\/\/agromolinillo.es\/de\/#website\",\"url\":\"https:\/\/agromolinillo.es\/de\/\",\"name\":\"Agromolinillo\",\"description\":\"Agromolinillo - Moguer\",\"publisher\":{\"@id\":\"https:\/\/agromolinillo.es\/de\/#organization\"},\"potentialAction\":[{\"@type\":\"SearchAction\",\"target\":{\"@type\":\"EntryPoint\",\"urlTemplate\":\"https:\/\/agromolinillo.es\/de\/?s={search_term_string}\"},\"query-input\":{\"@type\":\"PropertyValueSpecification\",\"valueRequired\":true,\"valueName\":\"search_term_string\"}}],\"inLanguage\":\"de\"},{\"@type\":\"Organization\",\"@id\":\"https:\/\/agromolinillo.es\/de\/#organization\",\"name\":\"Agromolinillo\",\"url\":\"https:\/\/agromolinillo.es\/de\/\",\"logo\":{\"@type\":\"ImageObject\",\"inLanguage\":\"de\",\"@id\":\"https:\/\/agromolinillo.es\/de\/#\/schema\/logo\/image\/\",\"url\":\"https:\/\/agromolinillo.es\/wp-content\/uploads\/2014\/02\/logo3.png\",\"contentUrl\":\"https:\/\/agromolinillo.es\/wp-content\/uploads\/2014\/02\/logo3.png\",\"width\":220,\"height\":84,\"caption\":\"Agromolinillo\"},\"image\":{\"@id\":\"https:\/\/agromolinillo.es\/de\/#\/schema\/logo\/image\/\"},\"sameAs\":[\"https:\/\/www.facebook.com\/agromolinillo\/?fref=ts\",\"https:\/\/www.instagram.com\/agromolinilloberries\/\",\"https:\/\/es.linkedin.com\/company\/agromolinillo\"]}]}<\/script>\n<!-- \/ Yoast SEO plugin. -->","yoast_head_json":{"title":"Agromolinillo - Herencia","description":"Agromolinillo Herencia","robots":{"index":"index","follow":"follow","max-snippet":"max-snippet:-1","max-image-preview":"max-image-preview:large","max-video-preview":"max-video-preview:-1"},"canonical":"https:\/\/agromolinillo.es\/de\/historia\/","og_locale":"de_DE","og_type":"article","og_title":"Agromolinillo - Herencia","og_description":"Agromolinillo Herencia","og_url":"https:\/\/agromolinillo.es\/de\/historia\/","og_site_name":"Agromolinillo","article_publisher":"https:\/\/www.facebook.com\/agromolinillo\/?fref=ts","article_modified_time":"2019-07-08T15:51:59+00:00","og_image":[{"url":"https:\/\/agromolinillo.es\/wp-content\/uploads\/2014\/10\/Vista_de_Moguer2.jpg","type":"","width":"","height":""}],"twitter_misc":{"Gesch\u00e4tzte Lesezeit":"12\u00a0Minuten"},"schema":{"@context":"https:\/\/schema.org","@graph":[{"@type":"WebPage","@id":"https:\/\/agromolinillo.es\/de\/historia\/","url":"https:\/\/agromolinillo.es\/de\/historia\/","name":"Agromolinillo - Herencia","isPartOf":{"@id":"https:\/\/agromolinillo.es\/de\/#website"},"primaryImageOfPage":{"@id":"https:\/\/agromolinillo.es\/de\/historia\/#primaryimage"},"image":{"@id":"https:\/\/agromolinillo.es\/en\/historia\/#primaryimage"},"thumbnailUrl":"https:\/\/agromolinillo.es\/wp-content\/uploads\/2014\/10\/Vista_de_Moguer2.jpg","datePublished":"2014-02-18T12:12:31+00:00","dateModified":"2019-07-08T15:51:59+00:00","description":"Agromolinillo Herencia","breadcrumb":{"@id":"https:\/\/agromolinillo.es\/de\/historia\/#breadcrumb"},"inLanguage":"de","potentialAction":[{"@type":"ReadAction","target":[["https:\/\/agromolinillo.es\/de\/historia\/"]]}]},{"@type":"ImageObject","inLanguage":"de","@id":"https:\/\/agromolinillo.es\/de\/historia\/#primaryimage","url":"https:\/\/agromolinillo.es\/wp-content\/uploads\/2014\/10\/Vista_de_Moguer2.jpg","contentUrl":"https:\/\/agromolinillo.es\/wp-content\/uploads\/2014\/10\/Vista_de_Moguer2.jpg"},{"@type":"BreadcrumbList","@id":"https:\/\/agromolinillo.es\/de\/historia\/#breadcrumb","itemListElement":[{"@type":"ListItem","position":1,"name":"Portada","item":"https:\/\/agromolinillo.es\/de\/"},{"@type":"ListItem","position":2,"name":"Heritage"}]},{"@type":"WebSite","@id":"https:\/\/agromolinillo.es\/de\/#website","url":"https:\/\/agromolinillo.es\/de\/","name":"Agromolinillo","description":"Agromolinillo - Moguer","publisher":{"@id":"https:\/\/agromolinillo.es\/de\/#organization"},"potentialAction":[{"@type":"SearchAction","target":{"@type":"EntryPoint","urlTemplate":"https:\/\/agromolinillo.es\/de\/?s={search_term_string}"},"query-input":{"@type":"PropertyValueSpecification","valueRequired":true,"valueName":"search_term_string"}}],"inLanguage":"de"},{"@type":"Organization","@id":"https:\/\/agromolinillo.es\/de\/#organization","name":"Agromolinillo","url":"https:\/\/agromolinillo.es\/de\/","logo":{"@type":"ImageObject","inLanguage":"de","@id":"https:\/\/agromolinillo.es\/de\/#\/schema\/logo\/image\/","url":"https:\/\/agromolinillo.es\/wp-content\/uploads\/2014\/02\/logo3.png","contentUrl":"https:\/\/agromolinillo.es\/wp-content\/uploads\/2014\/02\/logo3.png","width":220,"height":84,"caption":"Agromolinillo"},"image":{"@id":"https:\/\/agromolinillo.es\/de\/#\/schema\/logo\/image\/"},"sameAs":["https:\/\/www.facebook.com\/agromolinillo\/?fref=ts","https:\/\/www.instagram.com\/agromolinilloberries\/","https:\/\/es.linkedin.com\/company\/agromolinillo"]}]}},"_links":{"self":[{"href":"https:\/\/agromolinillo.es\/de\/wp-json\/wp\/v2\/pages\/105"}],"collection":[{"href":"https:\/\/agromolinillo.es\/de\/wp-json\/wp\/v2\/pages"}],"about":[{"href":"https:\/\/agromolinillo.es\/de\/wp-json\/wp\/v2\/types\/page"}],"author":[{"embeddable":true,"href":"https:\/\/agromolinillo.es\/de\/wp-json\/wp\/v2\/users\/1"}],"replies":[{"embeddable":true,"href":"https:\/\/agromolinillo.es\/de\/wp-json\/wp\/v2\/comments?post=105"}],"version-history":[{"count":44,"href":"https:\/\/agromolinillo.es\/de\/wp-json\/wp\/v2\/pages\/105\/revisions"}],"predecessor-version":[{"id":3664,"href":"https:\/\/agromolinillo.es\/de\/wp-json\/wp\/v2\/pages\/105\/revisions\/3664"}],"wp:attachment":[{"href":"https:\/\/agromolinillo.es\/de\/wp-json\/wp\/v2\/media?parent=105"}],"curies":[{"name":"wp","href":"https:\/\/api.w.org\/{rel}","templated":true}]}}